{"id":1202,"date":"2020-12-27T04:48:23","date_gmt":"2020-12-27T04:48:23","guid":{"rendered":"https:\/\/gpsites.co\/leo-1\/?page_id=10"},"modified":"2025-04-29T21:25:57","modified_gmt":"2025-04-29T19:25:57","slug":"home","status":"publish","type":"page","link":"https:\/\/berlinite.de\/en\/","title":{"rendered":"Home"},"content":{"rendered":"<div class=\"gb-container gb-container-c243e5b5\"><div class=\"gb-inside-container\">\n<div class=\"gb-grid-wrapper gb-grid-wrapper-7e06c8d5\">\n<div class=\"gb-grid-column gb-grid-column-7eda8503\"><div class=\"gb-container gb-container-7eda8503\"><div class=\"gb-inside-container\">\n\n<h3 class=\"gb-headline gb-headline-7dd00dca\"><span class=\"gb-icon\"><svg stroke-linejoin=\"round\" stroke-linecap=\"round\" fill=\"none\" stroke=\"#ffffff\" stroke-width=\"1.5\" viewbox=\"0 0 24 24\" height=\"44\" width=\"44\" class=\"icon icon-tabler icon-tabler-report-analytics\" xmlns=\"http:\/\/www.w3.org\/2000\/svg\">   <path fill=\"none\" d=\"M0 0h24v24H0z\" stroke=\"none\"><\/path>   <path d=\"M9 5h-2a2 2 0 0 0 -2 2v12a2 2 0 0 0 2 2h10a2 2 0 0 0 2 -2v-12a2 2 0 0 0 -2 -2h-2\"><\/path>   <rect rx=\"2\" height=\"4\" width=\"6\" y=\"3\" x=\"9\"><\/rect>   <path d=\"M9 17v-5\"><\/path>   <path d=\"M12 17v-1\"><\/path>   <path d=\"M15 17v-3\"><\/path> <\/svg><\/span><span class=\"gb-headline-text\"><strong>Corporate and incentive events<\/strong><\/span><\/h3>\n\n<\/div><\/div><\/div>\n\n<div class=\"gb-grid-column gb-grid-column-de968d87\"><div class=\"gb-container gb-container-de968d87\"><div class=\"gb-inside-container\">\n\n<h3 class=\"gb-headline gb-headline-3b77e474\"><span class=\"gb-icon\"><svg aria-hidden=\"true\" role=\"img\" height=\"1em\" width=\"1em\" viewbox=\"0 0 384 512\" xmlns=\"https:\/\/www.w3.org\/2000\/svg\"><path fill=\"currentColor\" d=\"M97.12 362.63c-8.69-8.69-4.16-6.24-25.12-11.85-9.51-2.55-17.87-7.45-25.43-13.32L1.2 448.7c-4.39 10.77 3.81 22.47 15.43 22.03l52.69-2.01L105.56 507c8 8.44 22.04 5.81 26.43-4.96l52.05-127.62c-10.84 6.04-22.87 9.58-35.31 9.58-19.5 0-37.82-7.59-51.61-21.37zM382.8 448.7l-45.37-111.24c-7.56 5.88-15.92 10.77-25.43 13.32-21.07 5.64-16.45 3.18-25.12 11.85-13.79 13.78-32.12 21.37-51.62 21.37-12.44 0-24.47-3.55-35.31-9.58L252 502.04c4.39 10.77 18.44 13.4 26.43 4.96l36.25-38.28 52.69 2.01c11.62.44 19.82-11.27 15.43-22.03zM263 340c15.28-15.55 17.03-14.21 38.79-20.14 13.89-3.79 24.75-14.84 28.47-28.98 7.48-28.4 5.54-24.97 25.95-45.75 10.17-10.35 14.14-25.44 10.42-39.58-7.47-28.38-7.48-24.42 0-52.83 3.72-14.14-.25-29.23-10.42-39.58-20.41-20.78-18.47-17.36-25.95-45.75-3.72-14.14-14.58-25.19-28.47-28.98-27.88-7.61-24.52-5.62-44.95-26.41-10.17-10.35-25-14.4-38.89-10.61-27.87 7.6-23.98 7.61-51.9 0-13.89-3.79-28.72.25-38.89 10.61-20.41 20.78-17.05 18.8-44.94 26.41-13.89 3.79-24.75 14.84-28.47 28.98-7.47 28.39-5.54 24.97-25.95 45.75-10.17 10.35-14.15 25.44-10.42 39.58 7.47 28.36 7.48 24.4 0 52.82-3.72 14.14.25 29.23 10.42 39.59 20.41 20.78 18.47 17.35 25.95 45.75 3.72 14.14 14.58 25.19 28.47 28.98C104.6 325.96 106.27 325 121 340c13.23 13.47 33.84 15.88 49.74 5.82a39.676 39.676 0 0 1 42.53 0c15.89 10.06 36.5 7.65 49.73-5.82zM97.66 175.96c0-53.03 42.24-96.02 94.34-96.02s94.34 42.99 94.34 96.02-42.24 96.02-94.34 96.02-94.34-42.99-94.34-96.02z\"><\/path><\/svg><\/span><span class=\"gb-headline-text\"><strong>SHOOTINGS &amp; FILM PRODUCTIONS<\/strong><\/span><\/h3>\n\n<\/div><\/div><\/div>\n\n<div class=\"gb-grid-column gb-grid-column-3d424b1f\"><div class=\"gb-container gb-container-3d424b1f\"><div class=\"gb-inside-container\">\n\n<h3 class=\"gb-headline gb-headline-19146940\"><span class=\"gb-icon\"><svg stroke-linejoin=\"round\" stroke-linecap=\"round\" fill=\"none\" stroke=\"#ffffff\" stroke-width=\"1.5\" viewbox=\"0 0 24 24\" height=\"44\" width=\"44\" class=\"icon icon-tabler icon-tabler-confetti\" xmlns=\"http:\/\/www.w3.org\/2000\/svg\">   <path fill=\"none\" d=\"M0 0h24v24H0z\" stroke=\"none\"><\/path>   <path d=\"M4 5h2\"><\/path>   <path d=\"M5 4v2\"><\/path>   <path d=\"M11.5 4l-.5 2\"><\/path>   <path d=\"M18 5h2\"><\/path>   <path d=\"M19 4v2\"><\/path>   <path d=\"M15 9l-1 1\"><\/path>   <path d=\"M18 13l2 -.5\"><\/path>   <path d=\"M18 19h2\"><\/path>   <path d=\"M19 18v2\"><\/path>   <path d=\"M14 16.518l-6.518 -6.518l-4.39 9.58a1.003 1.003 0 0 0 1.329 1.329l9.579 -4.39z\"><\/path> <\/svg><\/span><span class=\"gb-headline-text\"><strong>UNFORGETTABLE PRIVATE PARTIES<\/strong><\/span><\/h3>\n\n<\/div><\/div><\/div>\n<\/div>\n<\/div><\/div>\n\n<div class=\"gb-container gb-container-c6220c51\"><div class=\"gb-inside-container\"><\/div><\/div>\n\n<div class=\"gb-container gb-container-7fd6aa2d\"><div class=\"gb-inside-container\">\n\n<h2 class=\"gb-headline gb-headline-6dde0834 gb-headline-text\">FAQ<\/h2>\n\n\n\n<p class=\"gb-headline gb-headline-da47bd9e gb-headline-text\">Frequently asked questions<\/p>\n\n<\/div><\/div>\n\n<div class=\"gb-container gb-container-30069074\"><div class=\"gb-inside-container\">\n\n<div class=\"schema-faq wp-block-yoast-faq-block\"><div class=\"schema-faq-section\" id=\"faq-question-1643825581406\"><strong class=\"schema-faq-question\">How do I find out whether a location is available on my preferred date?<\/strong> <p class=\"schema-faq-answer\">So that we can be flexible with regard to event dates and work with fair event options, it is not possible to view the calendar directly. You can enquire about all locations quickly and without obligation using our contact form and will receive feedback on availability and a customised offer at short notice.<\/p> <\/div> <div class=\"schema-faq-section\" id=\"faq-question-1643826581730\"><strong class=\"schema-faq-question\">How do I book a location for my event?<\/strong> <p class=\"schema-faq-answer\">After a detailed consultation, a personal inspection on site and the perfect customisation of the offer, which leaves nothing to be desired, nothing stands in the way of a binding booking and further planning.<\/p> <\/div> <div class=\"schema-faq-section\" id=\"faq-question-1643826604976\"><strong class=\"schema-faq-question\">Would it be possible to include my location in your portfolio?<\/strong> <p class=\"schema-faq-answer\">If you would like to become part of our exclusive portfolio, simply apply to us. We are always happy to hear from great partner venues that share our event philosophy and want to rock the Berlin event industry together with us.<\/p> <\/div> <div class=\"schema-faq-section\" id=\"faq-question-1643826611368\"><strong class=\"schema-faq-question\">Can I also book a location as a private individual?<\/strong> <p class=\"schema-faq-answer\">It goes without saying that our portfolio is suitable for both business and private customers.<\/p> <\/div> <\/div>\n\n<\/div><\/div>\n\n<div class=\"gb-container gb-container-d414f3d6\"><div class=\"gb-inside-container\">\n\n<h2 class=\"gb-headline gb-headline-22a2d754 gb-headline-text\">Reviews<\/h2>\n\n\n\n<p class=\"gb-headline gb-headline-765dd33c gb-headline-text\">What our customers say about us<\/p>\n\n<\/div><\/div>\n\n<div class=\"gb-container gb-container-a1195352\"><div class=\"gb-inside-container\">\n<div class=\"gb-grid-wrapper gb-grid-wrapper-75aee70c\">\n<div class=\"gb-grid-column gb-grid-column-148d55cb\"><div class=\"gb-container gb-container-148d55cb has-shadow\"><div class=\"gb-inside-container\">\n<div class=\"gb-container gb-container-571ef50b\"><div class=\"gb-inside-container\">\n\n<p class=\"gb-headline gb-headline-de788c8b gb-headline-text\">Once again, a big thank you for the great cooperation, without which we would not have been able to organise the event at such short notice! The customer was totally happy.<\/p>\n\n<\/div><\/div>\n\n<div class=\"gb-grid-wrapper gb-grid-wrapper-f33bb32e\">\n<div class=\"gb-grid-column gb-grid-column-1f43e011\"><div class=\"gb-container gb-container-1f43e011\"><div class=\"gb-inside-container\">\n\n<figure class=\"wp-block-image size-full\"><img loading=\"lazy\" decoding=\"async\" width=\"500\" height=\"500\" src=\"https:\/\/berlinite.de\/wp-content\/uploads\/2022\/08\/gral-quote.png\" alt=\"\" class=\"wp-image-1973\" srcset=\"https:\/\/berlinite.de\/wp-content\/uploads\/2022\/08\/gral-quote.png 500w, https:\/\/berlinite.de\/wp-content\/uploads\/2022\/08\/gral-quote-300x300.png 300w, https:\/\/berlinite.de\/wp-content\/uploads\/2022\/08\/gral-quote-150x150.png 150w\" sizes=\"auto, (max-width: 500px) 100vw, 500px\" \/><\/figure>\n\n<\/div><\/div><\/div>\n\n<div class=\"gb-grid-column gb-grid-column-daa4e669\"><div class=\"gb-container gb-container-daa4e669\"><div class=\"gb-inside-container\">\n\n<p>G.R.A.L. GmbH<\/p>\n\n<\/div><\/div><\/div>\n<\/div>\n<\/div><\/div><\/div>\n\n<div class=\"gb-grid-column gb-grid-column-a8927d00\"><div class=\"gb-container gb-container-a8927d00 has-shadow\"><div class=\"gb-inside-container\">\n<div class=\"gb-container gb-container-b38c9489\"><div class=\"gb-inside-container\">\n\n<p class=\"gb-headline gb-headline-ca157e47 gb-headline-text\">Many thanks to all of you and your employees for your great support, flexibility and professionalism. Especially in times like these, this is anything but a matter of course and therefore deserves special appreciation.<\/p>\n\n<\/div><\/div>\n\n<div class=\"gb-grid-wrapper gb-grid-wrapper-0e54e814\">\n<div class=\"gb-grid-column gb-grid-column-a89373cf\"><div class=\"gb-container gb-container-a89373cf\"><div class=\"gb-inside-container\">\n\n<figure class=\"wp-block-image size-full\"><img loading=\"lazy\" decoding=\"async\" width=\"500\" height=\"500\" src=\"https:\/\/berlinite.de\/wp-content\/uploads\/2022\/11\/besl-quote.png\" alt=\"\" class=\"wp-image-2348\" srcset=\"https:\/\/berlinite.de\/wp-content\/uploads\/2022\/11\/besl-quote.png 500w, https:\/\/berlinite.de\/wp-content\/uploads\/2022\/11\/besl-quote-300x300.png 300w, https:\/\/berlinite.de\/wp-content\/uploads\/2022\/11\/besl-quote-150x150.png 150w\" sizes=\"auto, (max-width: 500px) 100vw, 500px\" \/><\/figure>\n\n<\/div><\/div><\/div>\n\n<div class=\"gb-grid-column gb-grid-column-0f7f37a3\"><div class=\"gb-container gb-container-0f7f37a3\"><div class=\"gb-inside-container\">\n\n<h5 class=\"gb-headline gb-headline-eb08b8c7 gb-headline-text\">BESL Eventagentur GmbH &amp; Co.KG<\/h5>\n\n<\/div><\/div><\/div>\n<\/div>\n<\/div><\/div><\/div>\n\n<div class=\"gb-grid-column gb-grid-column-68f95b0d\"><div class=\"gb-container gb-container-68f95b0d has-shadow\"><div class=\"gb-inside-container\">\n<div class=\"gb-container gb-container-b213d7c9\"><div class=\"gb-inside-container\">\n\n<p class=\"gb-headline gb-headline-1b124bda gb-headline-text\">They were all delighted with the location and threw their stories of the old west around. Enchanting!<\/p>\n\n\n\n<p class=\"gb-headline gb-headline-319c0576 gb-headline-text\">We will definitely come back to you.<\/p>\n\n<\/div><\/div>\n\n<div class=\"gb-grid-wrapper gb-grid-wrapper-5d463c83\">\n<div class=\"gb-grid-column gb-grid-column-c373ec39\"><div class=\"gb-container gb-container-c373ec39\"><div class=\"gb-inside-container\">\n\n<figure class=\"wp-block-image size-full\"><img loading=\"lazy\" decoding=\"async\" width=\"500\" height=\"500\" src=\"https:\/\/berlinite.de\/wp-content\/uploads\/2022\/08\/taz-quote.png\" alt=\"\" class=\"wp-image-1972\" srcset=\"https:\/\/berlinite.de\/wp-content\/uploads\/2022\/08\/taz-quote.png 500w, https:\/\/berlinite.de\/wp-content\/uploads\/2022\/08\/taz-quote-300x300.png 300w, https:\/\/berlinite.de\/wp-content\/uploads\/2022\/08\/taz-quote-150x150.png 150w\" sizes=\"auto, (max-width: 500px) 100vw, 500px\" \/><\/figure>\n\n<\/div><\/div><\/div>\n\n<div class=\"gb-grid-column gb-grid-column-46b8f51d\"><div class=\"gb-container gb-container-46b8f51d\"><div class=\"gb-inside-container\">\n\n<p>taz Verlags u. Vertriebs GmbH<\/p>\n\n<\/div><\/div><\/div>\n<\/div>\n<\/div><\/div><\/div>\n<\/div>\n\n\n\n<\/div><div class=\"gb-shapes\"><div class=\"gb-shape gb-shape-1\"><svg xmlns=\"http:\/\/www.w3.org\/2000\/svg\" viewbox=\"0 0 1200 137.6\" preserveaspectratio=\"none\"><path d=\"M0 137.6h1200V21.9l-66.7 26.7c-66.7 26.7-200 80-333.3 66.7S533.3 21.9 400 4.2C266.7-13.9 133.3 31.1 66.7 53L0 75.3v62.3z\"\/><\/svg><\/div><\/div><\/div>","protected":false},"excerpt":{"rendered":"<p>FAQ H\u00e4ufige Fragen Rezensionen Das sagen unsere Kunden \u00fcber uns<\/p>","protected":false},"author":2,"featured_media":2387,"parent":0,"menu_order":0,"comment_status":"closed","ping_status":"closed","template":"","meta":{"_acf_changed":false,"footnotes":""},"class_list":["post-1202","page","type-page","status-publish","has-post-thumbnail"],"acf":[],"yoast_head":"<!-- This site is optimized with the Yoast SEO plugin v27.4 - https:\/\/yoast.com\/product\/yoast-seo-wordpress\/ -->\n<title>Berlinite - Exklusive Event Locations in Berlin<\/title>\n<meta name=\"robots\" content=\"index, follow, max-snippet:-1, max-image-preview:large, max-video-preview:-1\" \/>\n<link rel=\"canonical\" href=\"https:\/\/berlinite.de\/en\/\" \/>\n<meta property=\"og:locale\" content=\"en_GB\" \/>\n<meta property=\"og:type\" content=\"article\" \/>\n<meta property=\"og:title\" content=\"Berlinite\" \/>\n<meta property=\"og:description\" content=\"FAQ H\u00e4ufige Fragen Rezensionen Das sagen unsere Kunden \u00fcber uns\" \/>\n<meta property=\"og:url\" content=\"https:\/\/berlinite.de\/en\/\" \/>\n<meta property=\"og:site_name\" content=\"Berlinite\" \/>\n<meta property=\"article:publisher\" content=\"https:\/\/facebook.com\/berlinite.de\" \/>\n<meta property=\"article:modified_time\" content=\"2025-04-29T19:25:57+00:00\" \/>\n<meta property=\"og:image\" content=\"https:\/\/berlinite.de\/wp-content\/uploads\/2022\/11\/slide01.webp\" \/>\n\t<meta property=\"og:image:width\" content=\"1920\" \/>\n\t<meta property=\"og:image:height\" content=\"1080\" \/>\n\t<meta property=\"og:image:type\" content=\"image\/webp\" \/>\n<meta name=\"twitter:card\" content=\"summary_large_image\" \/>\n<meta name=\"twitter:title\" content=\"Berlinite\" \/>\n<meta name=\"twitter:image\" content=\"https:\/\/berlinite.de\/wp-content\/uploads\/2022\/11\/slide01.webp\" \/>\n<meta name=\"twitter:label1\" content=\"Estimated reading time\" \/>\n\t<meta name=\"twitter:data1\" content=\"3 minutes\" \/>\n<script type=\"application\/ld+json\" class=\"yoast-schema-graph\">{\"@context\":\"https:\\\/\\\/schema.org\",\"@graph\":[{\"@type\":[\"WebPage\",\"FAQPage\"],\"@id\":\"https:\\\/\\\/berlinite.de\\\/\",\"url\":\"https:\\\/\\\/berlinite.de\\\/\",\"name\":\"Berlinite - Exklusive Event Locations in Berlin\",\"isPartOf\":{\"@id\":\"https:\\\/\\\/berlinite.de\\\/#website\"},\"primaryImageOfPage\":{\"@id\":\"https:\\\/\\\/berlinite.de\\\/#primaryimage\"},\"image\":{\"@id\":\"https:\\\/\\\/berlinite.de\\\/#primaryimage\"},\"thumbnailUrl\":\"https:\\\/\\\/berlinite.de\\\/wp-content\\\/uploads\\\/2022\\\/11\\\/slide01.webp\",\"datePublished\":\"2020-12-27T04:48:23+00:00\",\"dateModified\":\"2025-04-29T19:25:57+00:00\",\"breadcrumb\":{\"@id\":\"https:\\\/\\\/berlinite.de\\\/#breadcrumb\"},\"mainEntity\":[{\"@id\":\"https:\\\/\\\/berlinite.de\\\/#faq-question-1643825581406\"},{\"@id\":\"https:\\\/\\\/berlinite.de\\\/#faq-question-1643826581730\"},{\"@id\":\"https:\\\/\\\/berlinite.de\\\/#faq-question-1643826604976\"},{\"@id\":\"https:\\\/\\\/berlinite.de\\\/#faq-question-1643826611368\"}],\"inLanguage\":\"en-GB\",\"potentialAction\":[{\"@type\":\"ReadAction\",\"target\":[\"https:\\\/\\\/berlinite.de\\\/\"]}]},{\"@type\":\"ImageObject\",\"inLanguage\":\"en-GB\",\"@id\":\"https:\\\/\\\/berlinite.de\\\/#primaryimage\",\"url\":\"https:\\\/\\\/berlinite.de\\\/wp-content\\\/uploads\\\/2022\\\/11\\\/slide01.webp\",\"contentUrl\":\"https:\\\/\\\/berlinite.de\\\/wp-content\\\/uploads\\\/2022\\\/11\\\/slide01.webp\",\"width\":1920,\"height\":1080},{\"@type\":\"BreadcrumbList\",\"@id\":\"https:\\\/\\\/berlinite.de\\\/#breadcrumb\",\"itemListElement\":[{\"@type\":\"ListItem\",\"position\":1,\"name\":\"Home\",\"item\":\"https:\\\/\\\/berlinite.de\\\/\"},{\"@type\":\"ListItem\",\"position\":2,\"name\":\"Home\"}]},{\"@type\":\"WebSite\",\"@id\":\"https:\\\/\\\/berlinite.de\\\/#website\",\"url\":\"https:\\\/\\\/berlinite.de\\\/\",\"name\":\"Berlinite\",\"description\":\"Exklusive Event Locations in Berlin\",\"publisher\":{\"@id\":\"https:\\\/\\\/berlinite.de\\\/#organization\"},\"potentialAction\":[{\"@type\":\"SearchAction\",\"target\":{\"@type\":\"EntryPoint\",\"urlTemplate\":\"https:\\\/\\\/berlinite.de\\\/?s={search_term_string}\"},\"query-input\":{\"@type\":\"PropertyValueSpecification\",\"valueRequired\":true,\"valueName\":\"search_term_string\"}}],\"inLanguage\":\"en-GB\"},{\"@type\":\"Organization\",\"@id\":\"https:\\\/\\\/berlinite.de\\\/#organization\",\"name\":\"Berlinite\",\"url\":\"https:\\\/\\\/berlinite.de\\\/\",\"logo\":{\"@type\":\"ImageObject\",\"inLanguage\":\"en-GB\",\"@id\":\"https:\\\/\\\/berlinite.de\\\/#\\\/schema\\\/logo\\\/image\\\/\",\"url\":\"https:\\\/\\\/berlinite.de\\\/wp-content\\\/uploads\\\/2023\\\/06\\\/Berlinite-Logo-1C-B.svg\",\"contentUrl\":\"https:\\\/\\\/berlinite.de\\\/wp-content\\\/uploads\\\/2023\\\/06\\\/Berlinite-Logo-1C-B.svg\",\"width\":652,\"height\":170,\"caption\":\"Berlinite\"},\"image\":{\"@id\":\"https:\\\/\\\/berlinite.de\\\/#\\\/schema\\\/logo\\\/image\\\/\"},\"sameAs\":[\"https:\\\/\\\/facebook.com\\\/berlinite.de\",\"https:\\\/\\\/instagram.com\\\/berlinite.de\",\"https:\\\/\\\/de.linkedin.com\\\/company\\\/berlinite\"]},{\"@type\":\"Question\",\"@id\":\"https:\\\/\\\/berlinite.de\\\/#faq-question-1643825581406\",\"position\":1,\"url\":\"https:\\\/\\\/berlinite.de\\\/#faq-question-1643825581406\",\"name\":\"Wie bringe ich in Erfahrung, ob eine Location an meinem Wunschdatum verf\u00fcgbar ist?\",\"answerCount\":1,\"acceptedAnswer\":{\"@type\":\"Answer\",\"text\":\"Damit wir in Bezug auf Veranstaltungstermine flexibel sein und mit fairen Eventoptionen arbeiten k\u00f6nnen, ist eine direkte Kalendereinsicht nicht m\u00f6glich. Du fragst alle Locations schnell und unverbindlich \u00fcber unser Kontaktformular an und erh\u00e4ltst kurzfristig ein Feedback zur Verf\u00fcgbarkeit und ein individuelles Angebot.\",\"inLanguage\":\"en-GB\"},\"inLanguage\":\"en-GB\"},{\"@type\":\"Question\",\"@id\":\"https:\\\/\\\/berlinite.de\\\/#faq-question-1643826581730\",\"position\":2,\"url\":\"https:\\\/\\\/berlinite.de\\\/#faq-question-1643826581730\",\"name\":\"Wie buche ich eine Location f\u00fcr mein Event?\",\"answerCount\":1,\"acceptedAnswer\":{\"@type\":\"Answer\",\"text\":\"Nach einem ausf\u00fchrlichen Beratungsgespr\u00e4ch, einer pers\u00f6nlichen Begehung vor Ort und der perfekten Angebotsanpassung, die keine W\u00fcnsche \u00fcbrigl\u00e4sst, steht einer verbindlichen Buchung und weiteren Planung nichts mehr im Wege.\",\"inLanguage\":\"en-GB\"},\"inLanguage\":\"en-GB\"},{\"@type\":\"Question\",\"@id\":\"https:\\\/\\\/berlinite.de\\\/#faq-question-1643826604976\",\"position\":3,\"url\":\"https:\\\/\\\/berlinite.de\\\/#faq-question-1643826604976\",\"name\":\"W\u00e4re es m\u00f6glich meine Location in euren Portfolio aufzunehmen?\",\"answerCount\":1,\"acceptedAnswer\":{\"@type\":\"Answer\",\"text\":\"Wenn du ein Teil unseres exklusiven Portfolios werden m\u00f6chtest, bewirb dich einfach bei uns. Wir freuen uns jederzeit \u00fcber tolle Partnerlocations, die die gleiche Veranstaltungsphilosophie vertreten und mit uns gemeinsam die Berliner Eventbranche rocken wollen.\",\"inLanguage\":\"en-GB\"},\"inLanguage\":\"en-GB\"},{\"@type\":\"Question\",\"@id\":\"https:\\\/\\\/berlinite.de\\\/#faq-question-1643826611368\",\"position\":4,\"url\":\"https:\\\/\\\/berlinite.de\\\/#faq-question-1643826611368\",\"name\":\"Kann ich eine Location auch als Privatperson buchen?\",\"answerCount\":1,\"acceptedAnswer\":{\"@type\":\"Answer\",\"text\":\"Selbstverst\u00e4ndlich bietet sich unser Portfolio sowohl f\u00fcr Gesch\u00e4fts- als auch Privatkunden an.\",\"inLanguage\":\"en-GB\"},\"inLanguage\":\"en-GB\"}]}<\/script>\n<!-- \/ Yoast SEO plugin. -->","yoast_head_json":{"title":"Berlinite - Exklusive Event Locations in Berlin","robots":{"index":"index","follow":"follow","max-snippet":"max-snippet:-1","max-image-preview":"max-image-preview:large","max-video-preview":"max-video-preview:-1"},"canonical":"https:\/\/berlinite.de\/en\/","og_locale":"en_GB","og_type":"article","og_title":"Berlinite","og_description":"FAQ H\u00e4ufige Fragen Rezensionen Das sagen unsere Kunden \u00fcber uns","og_url":"https:\/\/berlinite.de\/en\/","og_site_name":"Berlinite","article_publisher":"https:\/\/facebook.com\/berlinite.de","article_modified_time":"2025-04-29T19:25:57+00:00","og_image":[{"width":1920,"height":1080,"url":"https:\/\/berlinite.de\/wp-content\/uploads\/2022\/11\/slide01.webp","type":"image\/webp"}],"twitter_card":"summary_large_image","twitter_title":"Berlinite","twitter_image":"https:\/\/berlinite.de\/wp-content\/uploads\/2022\/11\/slide01.webp","twitter_misc":{"Estimated reading time":"3 minutes"},"schema":{"@context":"https:\/\/schema.org","@graph":[{"@type":["WebPage","FAQPage"],"@id":"https:\/\/berlinite.de\/","url":"https:\/\/berlinite.de\/","name":"Berlinite - Exklusive Event Locations in Berlin","isPartOf":{"@id":"https:\/\/berlinite.de\/#website"},"primaryImageOfPage":{"@id":"https:\/\/berlinite.de\/#primaryimage"},"image":{"@id":"https:\/\/berlinite.de\/#primaryimage"},"thumbnailUrl":"https:\/\/berlinite.de\/wp-content\/uploads\/2022\/11\/slide01.webp","datePublished":"2020-12-27T04:48:23+00:00","dateModified":"2025-04-29T19:25:57+00:00","breadcrumb":{"@id":"https:\/\/berlinite.de\/#breadcrumb"},"mainEntity":[{"@id":"https:\/\/berlinite.de\/#faq-question-1643825581406"},{"@id":"https:\/\/berlinite.de\/#faq-question-1643826581730"},{"@id":"https:\/\/berlinite.de\/#faq-question-1643826604976"},{"@id":"https:\/\/berlinite.de\/#faq-question-1643826611368"}],"inLanguage":"en-GB","potentialAction":[{"@type":"ReadAction","target":["https:\/\/berlinite.de\/"]}]},{"@type":"ImageObject","inLanguage":"en-GB","@id":"https:\/\/berlinite.de\/#primaryimage","url":"https:\/\/berlinite.de\/wp-content\/uploads\/2022\/11\/slide01.webp","contentUrl":"https:\/\/berlinite.de\/wp-content\/uploads\/2022\/11\/slide01.webp","width":1920,"height":1080},{"@type":"BreadcrumbList","@id":"https:\/\/berlinite.de\/#breadcrumb","itemListElement":[{"@type":"ListItem","position":1,"name":"Home","item":"https:\/\/berlinite.de\/"},{"@type":"ListItem","position":2,"name":"Home"}]},{"@type":"WebSite","@id":"https:\/\/berlinite.de\/#website","url":"https:\/\/berlinite.de\/","name":"Berlinite","description":"Exklusive Event Locations in Berlin","publisher":{"@id":"https:\/\/berlinite.de\/#organization"},"potentialAction":[{"@type":"SearchAction","target":{"@type":"EntryPoint","urlTemplate":"https:\/\/berlinite.de\/?s={search_term_string}"},"query-input":{"@type":"PropertyValueSpecification","valueRequired":true,"valueName":"search_term_string"}}],"inLanguage":"en-GB"},{"@type":"Organization","@id":"https:\/\/berlinite.de\/#organization","name":"Berlinite","url":"https:\/\/berlinite.de\/","logo":{"@type":"ImageObject","inLanguage":"en-GB","@id":"https:\/\/berlinite.de\/#\/schema\/logo\/image\/","url":"https:\/\/berlinite.de\/wp-content\/uploads\/2023\/06\/Berlinite-Logo-1C-B.svg","contentUrl":"https:\/\/berlinite.de\/wp-content\/uploads\/2023\/06\/Berlinite-Logo-1C-B.svg","width":652,"height":170,"caption":"Berlinite"},"image":{"@id":"https:\/\/berlinite.de\/#\/schema\/logo\/image\/"},"sameAs":["https:\/\/facebook.com\/berlinite.de","https:\/\/instagram.com\/berlinite.de","https:\/\/de.linkedin.com\/company\/berlinite"]},{"@type":"Question","@id":"https:\/\/berlinite.de\/#faq-question-1643825581406","position":1,"url":"https:\/\/berlinite.de\/#faq-question-1643825581406","name":"How do I find out whether a location is available on my preferred date?","answerCount":1,"acceptedAnswer":{"@type":"Answer","text":"Damit wir in Bezug auf Veranstaltungstermine flexibel sein und mit fairen Eventoptionen arbeiten k\u00f6nnen, ist eine direkte Kalendereinsicht nicht m\u00f6glich. Du fragst alle Locations schnell und unverbindlich \u00fcber unser Kontaktformular an und erh\u00e4ltst kurzfristig ein Feedback zur Verf\u00fcgbarkeit und ein individuelles Angebot.","inLanguage":"en-GB"},"inLanguage":"en-GB"},{"@type":"Question","@id":"https:\/\/berlinite.de\/#faq-question-1643826581730","position":2,"url":"https:\/\/berlinite.de\/#faq-question-1643826581730","name":"How do I book a location for my event?","answerCount":1,"acceptedAnswer":{"@type":"Answer","text":"Nach einem ausf\u00fchrlichen Beratungsgespr\u00e4ch, einer pers\u00f6nlichen Begehung vor Ort und der perfekten Angebotsanpassung, die keine W\u00fcnsche \u00fcbrigl\u00e4sst, steht einer verbindlichen Buchung und weiteren Planung nichts mehr im Wege.","inLanguage":"en-GB"},"inLanguage":"en-GB"},{"@type":"Question","@id":"https:\/\/berlinite.de\/#faq-question-1643826604976","position":3,"url":"https:\/\/berlinite.de\/#faq-question-1643826604976","name":"Would it be possible to include my location in your portfolio?","answerCount":1,"acceptedAnswer":{"@type":"Answer","text":"Wenn du ein Teil unseres exklusiven Portfolios werden m\u00f6chtest, bewirb dich einfach bei uns. Wir freuen uns jederzeit \u00fcber tolle Partnerlocations, die die gleiche Veranstaltungsphilosophie vertreten und mit uns gemeinsam die Berliner Eventbranche rocken wollen.","inLanguage":"en-GB"},"inLanguage":"en-GB"},{"@type":"Question","@id":"https:\/\/berlinite.de\/#faq-question-1643826611368","position":4,"url":"https:\/\/berlinite.de\/#faq-question-1643826611368","name":"Can I also book a location as a private individual?","answerCount":1,"acceptedAnswer":{"@type":"Answer","text":"Selbstverst\u00e4ndlich bietet sich unser Portfolio sowohl f\u00fcr Gesch\u00e4fts- als auch Privatkunden an.","inLanguage":"en-GB"},"inLanguage":"en-GB"}]}},"_links":{"self":[{"href":"https:\/\/berlinite.de\/en\/wp-json\/wp\/v2\/pages\/1202","targetHints":{"allow":["GET"]}}],"collection":[{"href":"https:\/\/berlinite.de\/en\/wp-json\/wp\/v2\/pages"}],"about":[{"href":"https:\/\/berlinite.de\/en\/wp-json\/wp\/v2\/types\/page"}],"author":[{"embeddable":true,"href":"https:\/\/berlinite.de\/en\/wp-json\/wp\/v2\/users\/2"}],"replies":[{"embeddable":true,"href":"https:\/\/berlinite.de\/en\/wp-json\/wp\/v2\/comments?post=1202"}],"version-history":[{"count":133,"href":"https:\/\/berlinite.de\/en\/wp-json\/wp\/v2\/pages\/1202\/revisions"}],"predecessor-version":[{"id":2713,"href":"https:\/\/berlinite.de\/en\/wp-json\/wp\/v2\/pages\/1202\/revisions\/2713"}],"wp:featuredmedia":[{"embeddable":true,"href":"https:\/\/berlinite.de\/en\/wp-json\/wp\/v2\/media\/2387"}],"wp:attachment":[{"href":"https:\/\/berlinite.de\/en\/wp-json\/wp\/v2\/media?parent=1202"}],"curies":[{"name":"wp","href":"https:\/\/api.w.org\/{rel}","templated":true}]}}