{"id":2044,"date":"2022-08-10T20:54:02","date_gmt":"2022-08-10T18:54:02","guid":{"rendered":"https:\/\/new.channelvenues.de\/?page_id=2044"},"modified":"2022-12-16T15:08:35","modified_gmt":"2022-12-16T14:08:35","slug":"summer-parties","status":"publish","type":"page","link":"https:\/\/berlinite.de\/en\/summer-parties\/","title":{"rendered":"Summer parties"},"content":{"rendered":"<div class=\"wp-block-columns is-layout-flex wp-container-core-columns-is-layout-9d6595d7 wp-block-columns-is-layout-flex\">\n<div class=\"wp-block-column is-layout-flow wp-block-column-is-layout-flow\">\n<figure class=\"wp-block-gallery has-nested-images columns-default is-cropped wp-block-gallery-1 is-layout-flex wp-block-gallery-is-layout-flex\">\n<figure class=\"wp-block-image size-large\"><a href=\"https:\/\/berlinite.de\/wp-content\/uploads\/2022\/08\/CV_summerparty_08.webp\"><img loading=\"lazy\" decoding=\"async\" width=\"1024\" height=\"683\" data-id=\"2048\" src=\"https:\/\/berlinite.de\/wp-content\/uploads\/2022\/08\/CV_summerparty_08-1024x683.webp\" alt=\"\" class=\"wp-image-2048\" srcset=\"https:\/\/berlinite.de\/wp-content\/uploads\/2022\/08\/CV_summerparty_08-1024x683.webp 1024w, https:\/\/berlinite.de\/wp-content\/uploads\/2022\/08\/CV_summerparty_08-300x200.webp 300w, https:\/\/berlinite.de\/wp-content\/uploads\/2022\/08\/CV_summerparty_08-768x512.webp 768w, https:\/\/berlinite.de\/wp-content\/uploads\/2022\/08\/CV_summerparty_08.webp 1200w\" sizes=\"auto, (max-width: 1024px) 100vw, 1024px\" \/><\/a><\/figure>\n\n\n\n<figure class=\"wp-block-image size-large\"><a href=\"https:\/\/berlinite.de\/wp-content\/uploads\/2022\/08\/CV_summerparty_06.webp\"><img loading=\"lazy\" decoding=\"async\" width=\"1024\" height=\"683\" data-id=\"2052\" src=\"https:\/\/berlinite.de\/wp-content\/uploads\/2022\/08\/CV_summerparty_06-1024x683.webp\" alt=\"\" class=\"wp-image-2052\" srcset=\"https:\/\/berlinite.de\/wp-content\/uploads\/2022\/08\/CV_summerparty_06-1024x683.webp 1024w, https:\/\/berlinite.de\/wp-content\/uploads\/2022\/08\/CV_summerparty_06-300x200.webp 300w, https:\/\/berlinite.de\/wp-content\/uploads\/2022\/08\/CV_summerparty_06-768x512.webp 768w, https:\/\/berlinite.de\/wp-content\/uploads\/2022\/08\/CV_summerparty_06.webp 1200w\" sizes=\"auto, (max-width: 1024px) 100vw, 1024px\" \/><\/a><\/figure>\n\n\n\n<figure class=\"wp-block-image size-large\"><a href=\"https:\/\/berlinite.de\/wp-content\/uploads\/2022\/08\/CV_summerparty_05.webp\"><img loading=\"lazy\" decoding=\"async\" width=\"1024\" height=\"683\" data-id=\"2053\" src=\"https:\/\/berlinite.de\/wp-content\/uploads\/2022\/08\/CV_summerparty_05-1024x683.webp\" alt=\"\" class=\"wp-image-2053\" srcset=\"https:\/\/berlinite.de\/wp-content\/uploads\/2022\/08\/CV_summerparty_05-1024x683.webp 1024w, https:\/\/berlinite.de\/wp-content\/uploads\/2022\/08\/CV_summerparty_05-300x200.webp 300w, https:\/\/berlinite.de\/wp-content\/uploads\/2022\/08\/CV_summerparty_05-768x512.webp 768w, https:\/\/berlinite.de\/wp-content\/uploads\/2022\/08\/CV_summerparty_05.webp 1200w\" sizes=\"auto, (max-width: 1024px) 100vw, 1024px\" \/><\/a><\/figure>\n\n\n\n<figure class=\"wp-block-image size-large\"><a href=\"https:\/\/berlinite.de\/wp-content\/uploads\/2022\/08\/CV_summerparty_04.webp\"><img loading=\"lazy\" decoding=\"async\" width=\"1024\" height=\"683\" data-id=\"2055\" src=\"https:\/\/berlinite.de\/wp-content\/uploads\/2022\/08\/CV_summerparty_04-1024x683.webp\" alt=\"\" class=\"wp-image-2055\" srcset=\"https:\/\/berlinite.de\/wp-content\/uploads\/2022\/08\/CV_summerparty_04-1024x683.webp 1024w, https:\/\/berlinite.de\/wp-content\/uploads\/2022\/08\/CV_summerparty_04-300x200.webp 300w, https:\/\/berlinite.de\/wp-content\/uploads\/2022\/08\/CV_summerparty_04-768x512.webp 768w, https:\/\/berlinite.de\/wp-content\/uploads\/2022\/08\/CV_summerparty_04.webp 1200w\" sizes=\"auto, (max-width: 1024px) 100vw, 1024px\" \/><\/a><\/figure>\n\n\n\n<figure class=\"wp-block-image size-large\"><a href=\"https:\/\/berlinite.de\/wp-content\/uploads\/2022\/08\/CV_summerparty_02.webp\"><img loading=\"lazy\" decoding=\"async\" width=\"1024\" height=\"683\" data-id=\"2051\" src=\"https:\/\/berlinite.de\/wp-content\/uploads\/2022\/08\/CV_summerparty_02-1024x683.webp\" alt=\"\" class=\"wp-image-2051\" srcset=\"https:\/\/berlinite.de\/wp-content\/uploads\/2022\/08\/CV_summerparty_02-1024x683.webp 1024w, https:\/\/berlinite.de\/wp-content\/uploads\/2022\/08\/CV_summerparty_02-300x200.webp 300w, https:\/\/berlinite.de\/wp-content\/uploads\/2022\/08\/CV_summerparty_02-768x512.webp 768w, https:\/\/berlinite.de\/wp-content\/uploads\/2022\/08\/CV_summerparty_02.webp 1200w\" sizes=\"auto, (max-width: 1024px) 100vw, 1024px\" \/><\/a><\/figure>\n\n\n\n<figure class=\"wp-block-image size-large\"><a href=\"https:\/\/berlinite.de\/wp-content\/uploads\/2022\/08\/CV_summerparty_03.webp\"><img loading=\"lazy\" decoding=\"async\" width=\"1024\" height=\"683\" data-id=\"2049\" src=\"https:\/\/berlinite.de\/wp-content\/uploads\/2022\/08\/CV_summerparty_03-1024x683.webp\" alt=\"\" class=\"wp-image-2049\" srcset=\"https:\/\/berlinite.de\/wp-content\/uploads\/2022\/08\/CV_summerparty_03-1024x683.webp 1024w, https:\/\/berlinite.de\/wp-content\/uploads\/2022\/08\/CV_summerparty_03-300x200.webp 300w, https:\/\/berlinite.de\/wp-content\/uploads\/2022\/08\/CV_summerparty_03-768x512.webp 768w, https:\/\/berlinite.de\/wp-content\/uploads\/2022\/08\/CV_summerparty_03.webp 1200w\" sizes=\"auto, (max-width: 1024px) 100vw, 1024px\" \/><\/a><\/figure>\n\n\n\n<figure class=\"wp-block-image size-large\"><a href=\"https:\/\/berlinite.de\/wp-content\/uploads\/2022\/08\/CV_summerparty_07.webp\"><img loading=\"lazy\" decoding=\"async\" width=\"1024\" height=\"683\" data-id=\"2050\" src=\"https:\/\/berlinite.de\/wp-content\/uploads\/2022\/08\/CV_summerparty_07-1024x683.webp\" alt=\"\" class=\"wp-image-2050\" srcset=\"https:\/\/berlinite.de\/wp-content\/uploads\/2022\/08\/CV_summerparty_07-1024x683.webp 1024w, https:\/\/berlinite.de\/wp-content\/uploads\/2022\/08\/CV_summerparty_07-300x200.webp 300w, https:\/\/berlinite.de\/wp-content\/uploads\/2022\/08\/CV_summerparty_07-768x512.webp 768w, https:\/\/berlinite.de\/wp-content\/uploads\/2022\/08\/CV_summerparty_07.webp 1200w\" sizes=\"auto, (max-width: 1024px) 100vw, 1024px\" \/><\/a><\/figure>\n\n\n\n<figure class=\"wp-block-image size-large\"><a href=\"https:\/\/berlinite.de\/wp-content\/uploads\/2022\/08\/CV_summerparty_01.webp\"><img loading=\"lazy\" decoding=\"async\" width=\"1024\" height=\"683\" data-id=\"2054\" src=\"https:\/\/berlinite.de\/wp-content\/uploads\/2022\/08\/CV_summerparty_01-1024x683.webp\" alt=\"\" class=\"wp-image-2054\" srcset=\"https:\/\/berlinite.de\/wp-content\/uploads\/2022\/08\/CV_summerparty_01-1024x683.webp 1024w, https:\/\/berlinite.de\/wp-content\/uploads\/2022\/08\/CV_summerparty_01-300x200.webp 300w, https:\/\/berlinite.de\/wp-content\/uploads\/2022\/08\/CV_summerparty_01-768x512.webp 768w, https:\/\/berlinite.de\/wp-content\/uploads\/2022\/08\/CV_summerparty_01.webp 1200w\" sizes=\"auto, (max-width: 1024px) 100vw, 1024px\" \/><\/a><\/figure>\n<\/figure>\n<\/div>\n\n\n\n<div class=\"wp-block-column is-layout-flow wp-block-column-is-layout-flow\">\n<p>When the heat is bearing down in the city, our beautiful outdoor spaces and fully air-conditioned indoor venues are equally inviting for guests to enjoy a refreshing drink.<\/p>\n\n\n\n<p>From large summer parties to graduation parties, endless concepts are possible with us. We offer the opportunity for cool events and long summer evenings that will be remembered.<\/p>\n<\/div>\n<\/div>","protected":false},"excerpt":{"rendered":"<p>Wenn die Hitze in der Stadt dr\u00fcckt, laden unseren wundersch\u00f6nen Au\u00dfenfl\u00e4chen und vollklimatisierten Indoor Venues die G\u00e4ste zu einem erfrischenden Getr\u00e4nk. Vom gro\u00dfen Sommerfest bis zur Abschlussfeier sind unendlich viele Konzepte bei uns m\u00f6glich. Wir bieten die M\u00f6glichkeiten f\u00fcr coole Events und lange Sommerabende, die in Erinnerung bleiben.<\/p>","protected":false},"author":2,"featured_media":2078,"parent":0,"menu_order":0,"comment_status":"closed","ping_status":"closed","template":"","meta":{"_acf_changed":false,"footnotes":""},"class_list":["post-2044","page","type-page","status-publish","has-post-thumbnail"],"acf":[],"yoast_head":"<!-- This site is optimized with the Yoast SEO plugin v27.4 - https:\/\/yoast.com\/product\/yoast-seo-wordpress\/ -->\n<title>Sommerfeste - Berlinite<\/title>\n<meta name=\"robots\" content=\"index, follow, max-snippet:-1, max-image-preview:large, max-video-preview:-1\" \/>\n<link rel=\"canonical\" href=\"https:\/\/berlinite.de\/en\/summer-parties\/\" \/>\n<meta property=\"og:locale\" content=\"en_GB\" \/>\n<meta property=\"og:type\" content=\"article\" \/>\n<meta property=\"og:title\" content=\"Sommerfeste - Berlinite\" \/>\n<meta property=\"og:description\" content=\"Wenn die Hitze in der Stadt dr\u00fcckt, laden unseren wundersch\u00f6nen Au\u00dfenfl\u00e4chen und vollklimatisierten Indoor Venues die G\u00e4ste zu einem erfrischenden Getr\u00e4nk. Vom gro\u00dfen Sommerfest bis zur Abschlussfeier sind unendlich viele Konzepte bei uns m\u00f6glich. Wir bieten die M\u00f6glichkeiten f\u00fcr coole Events und lange Sommerabende, die in Erinnerung bleiben.\" \/>\n<meta property=\"og:url\" content=\"https:\/\/berlinite.de\/en\/summer-parties\/\" \/>\n<meta property=\"og:site_name\" content=\"Berlinite\" \/>\n<meta property=\"article:publisher\" content=\"https:\/\/facebook.com\/berlinite.de\" \/>\n<meta property=\"article:modified_time\" content=\"2022-12-16T14:08:35+00:00\" \/>\n<meta property=\"og:image\" content=\"https:\/\/berlinite.de\/wp-content\/uploads\/2022\/08\/summer-hero.webp\" \/>\n\t<meta property=\"og:image:width\" content=\"1920\" \/>\n\t<meta property=\"og:image:height\" content=\"700\" \/>\n\t<meta property=\"og:image:type\" content=\"image\/webp\" \/>\n<meta name=\"twitter:card\" content=\"summary_large_image\" \/>\n<meta name=\"twitter:label1\" content=\"Estimated reading time\" \/>\n\t<meta name=\"twitter:data1\" content=\"2 minutes\" \/>\n<script type=\"application\/ld+json\" class=\"yoast-schema-graph\">{\"@context\":\"https:\\\/\\\/schema.org\",\"@graph\":[{\"@type\":\"WebPage\",\"@id\":\"https:\\\/\\\/berlinite.de\\\/summer-parties\\\/\",\"url\":\"https:\\\/\\\/berlinite.de\\\/summer-parties\\\/\",\"name\":\"Sommerfeste - Berlinite\",\"isPartOf\":{\"@id\":\"https:\\\/\\\/berlinite.de\\\/#website\"},\"primaryImageOfPage\":{\"@id\":\"https:\\\/\\\/berlinite.de\\\/summer-parties\\\/#primaryimage\"},\"image\":{\"@id\":\"https:\\\/\\\/berlinite.de\\\/summer-parties\\\/#primaryimage\"},\"thumbnailUrl\":\"https:\\\/\\\/berlinite.de\\\/wp-content\\\/uploads\\\/2022\\\/08\\\/summer-hero.webp\",\"datePublished\":\"2022-08-10T18:54:02+00:00\",\"dateModified\":\"2022-12-16T14:08:35+00:00\",\"breadcrumb\":{\"@id\":\"https:\\\/\\\/berlinite.de\\\/summer-parties\\\/#breadcrumb\"},\"inLanguage\":\"en-GB\",\"potentialAction\":[{\"@type\":\"ReadAction\",\"target\":[\"https:\\\/\\\/berlinite.de\\\/summer-parties\\\/\"]}]},{\"@type\":\"ImageObject\",\"inLanguage\":\"en-GB\",\"@id\":\"https:\\\/\\\/berlinite.de\\\/summer-parties\\\/#primaryimage\",\"url\":\"https:\\\/\\\/berlinite.de\\\/wp-content\\\/uploads\\\/2022\\\/08\\\/summer-hero.webp\",\"contentUrl\":\"https:\\\/\\\/berlinite.de\\\/wp-content\\\/uploads\\\/2022\\\/08\\\/summer-hero.webp\",\"width\":1920,\"height\":700},{\"@type\":\"BreadcrumbList\",\"@id\":\"https:\\\/\\\/berlinite.de\\\/summer-parties\\\/#breadcrumb\",\"itemListElement\":[{\"@type\":\"ListItem\",\"position\":1,\"name\":\"Home\",\"item\":\"https:\\\/\\\/berlinite.de\\\/\"},{\"@type\":\"ListItem\",\"position\":2,\"name\":\"Sommerfeste\"}]},{\"@type\":\"WebSite\",\"@id\":\"https:\\\/\\\/berlinite.de\\\/#website\",\"url\":\"https:\\\/\\\/berlinite.de\\\/\",\"name\":\"Berlinite\",\"description\":\"Exklusive Event Locations in Berlin\",\"publisher\":{\"@id\":\"https:\\\/\\\/berlinite.de\\\/#organization\"},\"potentialAction\":[{\"@type\":\"SearchAction\",\"target\":{\"@type\":\"EntryPoint\",\"urlTemplate\":\"https:\\\/\\\/berlinite.de\\\/?s={search_term_string}\"},\"query-input\":{\"@type\":\"PropertyValueSpecification\",\"valueRequired\":true,\"valueName\":\"search_term_string\"}}],\"inLanguage\":\"en-GB\"},{\"@type\":\"Organization\",\"@id\":\"https:\\\/\\\/berlinite.de\\\/#organization\",\"name\":\"Berlinite\",\"url\":\"https:\\\/\\\/berlinite.de\\\/\",\"logo\":{\"@type\":\"ImageObject\",\"inLanguage\":\"en-GB\",\"@id\":\"https:\\\/\\\/berlinite.de\\\/#\\\/schema\\\/logo\\\/image\\\/\",\"url\":\"https:\\\/\\\/berlinite.de\\\/wp-content\\\/uploads\\\/2023\\\/06\\\/Berlinite-Logo-1C-B.svg\",\"contentUrl\":\"https:\\\/\\\/berlinite.de\\\/wp-content\\\/uploads\\\/2023\\\/06\\\/Berlinite-Logo-1C-B.svg\",\"width\":652,\"height\":170,\"caption\":\"Berlinite\"},\"image\":{\"@id\":\"https:\\\/\\\/berlinite.de\\\/#\\\/schema\\\/logo\\\/image\\\/\"},\"sameAs\":[\"https:\\\/\\\/facebook.com\\\/berlinite.de\",\"https:\\\/\\\/instagram.com\\\/berlinite.de\",\"https:\\\/\\\/de.linkedin.com\\\/company\\\/berlinite\"]}]}<\/script>\n<!-- \/ Yoast SEO plugin. -->","yoast_head_json":{"title":"Sommerfeste - Berlinite","robots":{"index":"index","follow":"follow","max-snippet":"max-snippet:-1","max-image-preview":"max-image-preview:large","max-video-preview":"max-video-preview:-1"},"canonical":"https:\/\/berlinite.de\/en\/summer-parties\/","og_locale":"en_GB","og_type":"article","og_title":"Sommerfeste - Berlinite","og_description":"Wenn die Hitze in der Stadt dr\u00fcckt, laden unseren wundersch\u00f6nen Au\u00dfenfl\u00e4chen und vollklimatisierten Indoor Venues die G\u00e4ste zu einem erfrischenden Getr\u00e4nk. Vom gro\u00dfen Sommerfest bis zur Abschlussfeier sind unendlich viele Konzepte bei uns m\u00f6glich. Wir bieten die M\u00f6glichkeiten f\u00fcr coole Events und lange Sommerabende, die in Erinnerung bleiben.","og_url":"https:\/\/berlinite.de\/en\/summer-parties\/","og_site_name":"Berlinite","article_publisher":"https:\/\/facebook.com\/berlinite.de","article_modified_time":"2022-12-16T14:08:35+00:00","og_image":[{"width":1920,"height":700,"url":"https:\/\/berlinite.de\/wp-content\/uploads\/2022\/08\/summer-hero.webp","type":"image\/webp"}],"twitter_card":"summary_large_image","twitter_misc":{"Estimated reading time":"2 minutes"},"schema":{"@context":"https:\/\/schema.org","@graph":[{"@type":"WebPage","@id":"https:\/\/berlinite.de\/summer-parties\/","url":"https:\/\/berlinite.de\/summer-parties\/","name":"Sommerfeste - Berlinite","isPartOf":{"@id":"https:\/\/berlinite.de\/#website"},"primaryImageOfPage":{"@id":"https:\/\/berlinite.de\/summer-parties\/#primaryimage"},"image":{"@id":"https:\/\/berlinite.de\/summer-parties\/#primaryimage"},"thumbnailUrl":"https:\/\/berlinite.de\/wp-content\/uploads\/2022\/08\/summer-hero.webp","datePublished":"2022-08-10T18:54:02+00:00","dateModified":"2022-12-16T14:08:35+00:00","breadcrumb":{"@id":"https:\/\/berlinite.de\/summer-parties\/#breadcrumb"},"inLanguage":"en-GB","potentialAction":[{"@type":"ReadAction","target":["https:\/\/berlinite.de\/summer-parties\/"]}]},{"@type":"ImageObject","inLanguage":"en-GB","@id":"https:\/\/berlinite.de\/summer-parties\/#primaryimage","url":"https:\/\/berlinite.de\/wp-content\/uploads\/2022\/08\/summer-hero.webp","contentUrl":"https:\/\/berlinite.de\/wp-content\/uploads\/2022\/08\/summer-hero.webp","width":1920,"height":700},{"@type":"BreadcrumbList","@id":"https:\/\/berlinite.de\/summer-parties\/#breadcrumb","itemListElement":[{"@type":"ListItem","position":1,"name":"Home","item":"https:\/\/berlinite.de\/"},{"@type":"ListItem","position":2,"name":"Sommerfeste"}]},{"@type":"WebSite","@id":"https:\/\/berlinite.de\/#website","url":"https:\/\/berlinite.de\/","name":"Berlinite","description":"Exklusive Event Locations in Berlin","publisher":{"@id":"https:\/\/berlinite.de\/#organization"},"potentialAction":[{"@type":"SearchAction","target":{"@type":"EntryPoint","urlTemplate":"https:\/\/berlinite.de\/?s={search_term_string}"},"query-input":{"@type":"PropertyValueSpecification","valueRequired":true,"valueName":"search_term_string"}}],"inLanguage":"en-GB"},{"@type":"Organization","@id":"https:\/\/berlinite.de\/#organization","name":"Berlinite","url":"https:\/\/berlinite.de\/","logo":{"@type":"ImageObject","inLanguage":"en-GB","@id":"https:\/\/berlinite.de\/#\/schema\/logo\/image\/","url":"https:\/\/berlinite.de\/wp-content\/uploads\/2023\/06\/Berlinite-Logo-1C-B.svg","contentUrl":"https:\/\/berlinite.de\/wp-content\/uploads\/2023\/06\/Berlinite-Logo-1C-B.svg","width":652,"height":170,"caption":"Berlinite"},"image":{"@id":"https:\/\/berlinite.de\/#\/schema\/logo\/image\/"},"sameAs":["https:\/\/facebook.com\/berlinite.de","https:\/\/instagram.com\/berlinite.de","https:\/\/de.linkedin.com\/company\/berlinite"]}]}},"_links":{"self":[{"href":"https:\/\/berlinite.de\/en\/wp-json\/wp\/v2\/pages\/2044","targetHints":{"allow":["GET"]}}],"collection":[{"href":"https:\/\/berlinite.de\/en\/wp-json\/wp\/v2\/pages"}],"about":[{"href":"https:\/\/berlinite.de\/en\/wp-json\/wp\/v2\/types\/page"}],"author":[{"embeddable":true,"href":"https:\/\/berlinite.de\/en\/wp-json\/wp\/v2\/users\/2"}],"replies":[{"embeddable":true,"href":"https:\/\/berlinite.de\/en\/wp-json\/wp\/v2\/comments?post=2044"}],"version-history":[{"count":9,"href":"https:\/\/berlinite.de\/en\/wp-json\/wp\/v2\/pages\/2044\/revisions"}],"predecessor-version":[{"id":2559,"href":"https:\/\/berlinite.de\/en\/wp-json\/wp\/v2\/pages\/2044\/revisions\/2559"}],"wp:featuredmedia":[{"embeddable":true,"href":"https:\/\/berlinite.de\/en\/wp-json\/wp\/v2\/media\/2078"}],"wp:attachment":[{"href":"https:\/\/berlinite.de\/en\/wp-json\/wp\/v2\/media?parent=2044"}],"curies":[{"name":"wp","href":"https:\/\/api.w.org\/{rel}","templated":true}]}}