{"id":2080,"date":"2022-08-10T21:31:15","date_gmt":"2022-08-10T19:31:15","guid":{"rendered":"https:\/\/new.channelvenues.de\/?page_id=2080"},"modified":"2022-12-16T15:11:59","modified_gmt":"2022-12-16T14:11:59","slug":"meetings-and-conferences","status":"publish","type":"page","link":"https:\/\/berlinite.de\/en\/meetings-and-conferences\/","title":{"rendered":"Meetings and conferences"},"content":{"rendered":"<figure class=\"wp-block-gallery has-nested-images columns-default is-cropped wp-block-gallery-1 is-layout-flex wp-block-gallery-is-layout-flex\">\n<figure class=\"wp-block-image size-large\"><a href=\"https:\/\/berlinite.de\/wp-content\/uploads\/2022\/08\/CV_conferences_06.webp\"><img loading=\"lazy\" decoding=\"async\" width=\"1024\" height=\"683\" data-id=\"2085\" src=\"https:\/\/berlinite.de\/wp-content\/uploads\/2022\/08\/CV_conferences_06-1024x683.webp\" alt=\"\" class=\"wp-image-2085\" srcset=\"https:\/\/berlinite.de\/wp-content\/uploads\/2022\/08\/CV_conferences_06-1024x683.webp 1024w, https:\/\/berlinite.de\/wp-content\/uploads\/2022\/08\/CV_conferences_06-300x200.webp 300w, https:\/\/berlinite.de\/wp-content\/uploads\/2022\/08\/CV_conferences_06-768x512.webp 768w, https:\/\/berlinite.de\/wp-content\/uploads\/2022\/08\/CV_conferences_06.webp 1200w\" sizes=\"auto, (max-width: 1024px) 100vw, 1024px\" \/><\/a><\/figure>\n\n\n\n<figure class=\"wp-block-image size-large\"><a href=\"https:\/\/berlinite.de\/wp-content\/uploads\/2022\/08\/CV_conferences_04.webp\"><img loading=\"lazy\" decoding=\"async\" width=\"1024\" height=\"683\" data-id=\"2087\" src=\"https:\/\/berlinite.de\/wp-content\/uploads\/2022\/08\/CV_conferences_04-1024x683.webp\" alt=\"\" class=\"wp-image-2087\" srcset=\"https:\/\/berlinite.de\/wp-content\/uploads\/2022\/08\/CV_conferences_04-1024x683.webp 1024w, https:\/\/berlinite.de\/wp-content\/uploads\/2022\/08\/CV_conferences_04-300x200.webp 300w, https:\/\/berlinite.de\/wp-content\/uploads\/2022\/08\/CV_conferences_04-768x512.webp 768w, https:\/\/berlinite.de\/wp-content\/uploads\/2022\/08\/CV_conferences_04.webp 1200w\" sizes=\"auto, (max-width: 1024px) 100vw, 1024px\" \/><\/a><\/figure>\n\n\n\n<figure class=\"wp-block-image size-large\"><a href=\"https:\/\/berlinite.de\/wp-content\/uploads\/2022\/08\/CV_conferences_05.webp\"><img loading=\"lazy\" decoding=\"async\" width=\"1024\" height=\"683\" data-id=\"2084\" src=\"https:\/\/berlinite.de\/wp-content\/uploads\/2022\/08\/CV_conferences_05-1024x683.webp\" alt=\"\" class=\"wp-image-2084\" srcset=\"https:\/\/berlinite.de\/wp-content\/uploads\/2022\/08\/CV_conferences_05-1024x683.webp 1024w, https:\/\/berlinite.de\/wp-content\/uploads\/2022\/08\/CV_conferences_05-300x200.webp 300w, https:\/\/berlinite.de\/wp-content\/uploads\/2022\/08\/CV_conferences_05-768x512.webp 768w, https:\/\/berlinite.de\/wp-content\/uploads\/2022\/08\/CV_conferences_05.webp 1200w\" sizes=\"auto, (max-width: 1024px) 100vw, 1024px\" \/><\/a><\/figure>\n\n\n\n<figure class=\"wp-block-image size-large\"><a href=\"https:\/\/berlinite.de\/wp-content\/uploads\/2022\/08\/CV_conferences_03.webp\"><img loading=\"lazy\" decoding=\"async\" width=\"1024\" height=\"683\" data-id=\"2083\" src=\"https:\/\/berlinite.de\/wp-content\/uploads\/2022\/08\/CV_conferences_03-1024x683.webp\" alt=\"\" class=\"wp-image-2083\" srcset=\"https:\/\/berlinite.de\/wp-content\/uploads\/2022\/08\/CV_conferences_03-1024x683.webp 1024w, https:\/\/berlinite.de\/wp-content\/uploads\/2022\/08\/CV_conferences_03-300x200.webp 300w, https:\/\/berlinite.de\/wp-content\/uploads\/2022\/08\/CV_conferences_03-768x512.webp 768w, https:\/\/berlinite.de\/wp-content\/uploads\/2022\/08\/CV_conferences_03.webp 1200w\" sizes=\"auto, (max-width: 1024px) 100vw, 1024px\" \/><\/a><\/figure>\n\n\n\n<figure class=\"wp-block-image size-large\"><a href=\"https:\/\/berlinite.de\/wp-content\/uploads\/2022\/08\/CV_conferences_02.webp\"><img loading=\"lazy\" decoding=\"async\" width=\"1024\" height=\"683\" data-id=\"2088\" src=\"https:\/\/berlinite.de\/wp-content\/uploads\/2022\/08\/CV_conferences_02-1024x683.webp\" alt=\"\" class=\"wp-image-2088\" srcset=\"https:\/\/berlinite.de\/wp-content\/uploads\/2022\/08\/CV_conferences_02-1024x683.webp 1024w, https:\/\/berlinite.de\/wp-content\/uploads\/2022\/08\/CV_conferences_02-300x200.webp 300w, https:\/\/berlinite.de\/wp-content\/uploads\/2022\/08\/CV_conferences_02-768x512.webp 768w, https:\/\/berlinite.de\/wp-content\/uploads\/2022\/08\/CV_conferences_02.webp 1200w\" sizes=\"auto, (max-width: 1024px) 100vw, 1024px\" \/><\/a><\/figure>\n\n\n\n<figure class=\"wp-block-image size-large\"><a href=\"https:\/\/berlinite.de\/wp-content\/uploads\/2022\/08\/CV_conferences_01.webp\"><img loading=\"lazy\" decoding=\"async\" width=\"1024\" height=\"683\" data-id=\"2086\" src=\"https:\/\/berlinite.de\/wp-content\/uploads\/2022\/08\/CV_conferences_01-1024x683.webp\" alt=\"\" class=\"wp-image-2086\" srcset=\"https:\/\/berlinite.de\/wp-content\/uploads\/2022\/08\/CV_conferences_01-1024x683.webp 1024w, https:\/\/berlinite.de\/wp-content\/uploads\/2022\/08\/CV_conferences_01-300x200.webp 300w, https:\/\/berlinite.de\/wp-content\/uploads\/2022\/08\/CV_conferences_01-768x512.webp 768w, https:\/\/berlinite.de\/wp-content\/uploads\/2022\/08\/CV_conferences_01.webp 1200w\" sizes=\"auto, (max-width: 1024px) 100vw, 1024px\" \/><\/a><\/figure>\n<\/figure>\n\n\n\n<div style=\"height:50px\" aria-hidden=\"true\" class=\"wp-block-spacer\"><\/div>\n\n\n\n<p>Our locations are predestined for meetings and conferences due to their internal framework conditions and professional technical support. The spectrum ranges from full-seat parliamentary to casual get-togethers. Perfect production conditions lay the foundation for every successful event.<\/p>","protected":false},"excerpt":{"rendered":"<p>Our locations are predestined for meetings and conferences due to their internal framework conditions and professional technical support. The spectrum ranges from full-seat parliamentary to casual get-togethers. Perfect production conditions lay the foundation for every successful event.<\/p>","protected":false},"author":2,"featured_media":2082,"parent":0,"menu_order":0,"comment_status":"closed","ping_status":"closed","template":"","meta":{"_acf_changed":false,"footnotes":""},"class_list":["post-2080","page","type-page","status-publish","has-post-thumbnail"],"acf":[],"yoast_head":"<!-- This site is optimized with the Yoast SEO plugin v27.3 - https:\/\/yoast.com\/product\/yoast-seo-wordpress\/ -->\n<title>Tagungen und Konferenzen - Berlinite<\/title>\n<meta name=\"robots\" content=\"index, follow, max-snippet:-1, max-image-preview:large, max-video-preview:-1\" \/>\n<link rel=\"canonical\" href=\"https:\/\/berlinite.de\/en\/meetings-and-conferences\/\" \/>\n<meta property=\"og:locale\" content=\"en_GB\" \/>\n<meta property=\"og:type\" content=\"article\" \/>\n<meta property=\"og:title\" content=\"Tagungen und Konferenzen - Berlinite\" \/>\n<meta property=\"og:description\" content=\"Unsere Locations sind durch ihre internen Rahmenbedingungen und die professionelle technische Betreuung pr\u00e4destiniert f\u00fcr Tagungen und Konferenzen. Perfekte Produktionsbedingungen setzen bei uns den Grundstein f\u00fcr jedes erfolgreiche Event.\" \/>\n<meta property=\"og:url\" content=\"https:\/\/berlinite.de\/en\/meetings-and-conferences\/\" \/>\n<meta property=\"og:site_name\" content=\"Berlinite\" \/>\n<meta property=\"article:publisher\" content=\"https:\/\/facebook.com\/berlinite.de\" \/>\n<meta property=\"article:modified_time\" content=\"2022-12-16T14:11:59+00:00\" \/>\n<meta property=\"og:image\" content=\"https:\/\/berlinite.de\/wp-content\/uploads\/2022\/08\/conferences-hero.webp\" \/>\n\t<meta property=\"og:image:width\" content=\"1920\" \/>\n\t<meta property=\"og:image:height\" content=\"700\" \/>\n\t<meta property=\"og:image:type\" content=\"image\/webp\" \/>\n<meta name=\"twitter:card\" content=\"summary_large_image\" \/>\n<meta name=\"twitter:label1\" content=\"Estimated reading time\" \/>\n\t<meta name=\"twitter:data1\" content=\"2 minutes\" \/>\n<script type=\"application\/ld+json\" class=\"yoast-schema-graph\">{\"@context\":\"https:\\\/\\\/schema.org\",\"@graph\":[{\"@type\":\"WebPage\",\"@id\":\"https:\\\/\\\/berlinite.de\\\/meetings-and-conferences\\\/\",\"url\":\"https:\\\/\\\/berlinite.de\\\/meetings-and-conferences\\\/\",\"name\":\"Tagungen und Konferenzen - Berlinite\",\"isPartOf\":{\"@id\":\"https:\\\/\\\/berlinite.de\\\/#website\"},\"primaryImageOfPage\":{\"@id\":\"https:\\\/\\\/berlinite.de\\\/meetings-and-conferences\\\/#primaryimage\"},\"image\":{\"@id\":\"https:\\\/\\\/berlinite.de\\\/meetings-and-conferences\\\/#primaryimage\"},\"thumbnailUrl\":\"https:\\\/\\\/berlinite.de\\\/wp-content\\\/uploads\\\/2022\\\/08\\\/conferences-hero.webp\",\"datePublished\":\"2022-08-10T19:31:15+00:00\",\"dateModified\":\"2022-12-16T14:11:59+00:00\",\"breadcrumb\":{\"@id\":\"https:\\\/\\\/berlinite.de\\\/meetings-and-conferences\\\/#breadcrumb\"},\"inLanguage\":\"en-GB\",\"potentialAction\":[{\"@type\":\"ReadAction\",\"target\":[\"https:\\\/\\\/berlinite.de\\\/meetings-and-conferences\\\/\"]}]},{\"@type\":\"ImageObject\",\"inLanguage\":\"en-GB\",\"@id\":\"https:\\\/\\\/berlinite.de\\\/meetings-and-conferences\\\/#primaryimage\",\"url\":\"https:\\\/\\\/berlinite.de\\\/wp-content\\\/uploads\\\/2022\\\/08\\\/conferences-hero.webp\",\"contentUrl\":\"https:\\\/\\\/berlinite.de\\\/wp-content\\\/uploads\\\/2022\\\/08\\\/conferences-hero.webp\",\"width\":1920,\"height\":700},{\"@type\":\"BreadcrumbList\",\"@id\":\"https:\\\/\\\/berlinite.de\\\/meetings-and-conferences\\\/#breadcrumb\",\"itemListElement\":[{\"@type\":\"ListItem\",\"position\":1,\"name\":\"Home\",\"item\":\"https:\\\/\\\/berlinite.de\\\/\"},{\"@type\":\"ListItem\",\"position\":2,\"name\":\"Tagungen und Konferenzen\"}]},{\"@type\":\"WebSite\",\"@id\":\"https:\\\/\\\/berlinite.de\\\/#website\",\"url\":\"https:\\\/\\\/berlinite.de\\\/\",\"name\":\"Berlinite\",\"description\":\"Exklusive Event Locations in Berlin\",\"publisher\":{\"@id\":\"https:\\\/\\\/berlinite.de\\\/#organization\"},\"potentialAction\":[{\"@type\":\"SearchAction\",\"target\":{\"@type\":\"EntryPoint\",\"urlTemplate\":\"https:\\\/\\\/berlinite.de\\\/?s={search_term_string}\"},\"query-input\":{\"@type\":\"PropertyValueSpecification\",\"valueRequired\":true,\"valueName\":\"search_term_string\"}}],\"inLanguage\":\"en-GB\"},{\"@type\":\"Organization\",\"@id\":\"https:\\\/\\\/berlinite.de\\\/#organization\",\"name\":\"Berlinite\",\"url\":\"https:\\\/\\\/berlinite.de\\\/\",\"logo\":{\"@type\":\"ImageObject\",\"inLanguage\":\"en-GB\",\"@id\":\"https:\\\/\\\/berlinite.de\\\/#\\\/schema\\\/logo\\\/image\\\/\",\"url\":\"https:\\\/\\\/berlinite.de\\\/wp-content\\\/uploads\\\/2023\\\/06\\\/Berlinite-Logo-1C-B.svg\",\"contentUrl\":\"https:\\\/\\\/berlinite.de\\\/wp-content\\\/uploads\\\/2023\\\/06\\\/Berlinite-Logo-1C-B.svg\",\"width\":652,\"height\":170,\"caption\":\"Berlinite\"},\"image\":{\"@id\":\"https:\\\/\\\/berlinite.de\\\/#\\\/schema\\\/logo\\\/image\\\/\"},\"sameAs\":[\"https:\\\/\\\/facebook.com\\\/berlinite.de\",\"https:\\\/\\\/instagram.com\\\/berlinite.de\",\"https:\\\/\\\/de.linkedin.com\\\/company\\\/berlinite\"]}]}<\/script>\n<!-- \/ Yoast SEO plugin. -->","yoast_head_json":{"title":"Tagungen und Konferenzen - Berlinite","robots":{"index":"index","follow":"follow","max-snippet":"max-snippet:-1","max-image-preview":"max-image-preview:large","max-video-preview":"max-video-preview:-1"},"canonical":"https:\/\/berlinite.de\/en\/meetings-and-conferences\/","og_locale":"en_GB","og_type":"article","og_title":"Tagungen und Konferenzen - Berlinite","og_description":"Unsere Locations sind durch ihre internen Rahmenbedingungen und die professionelle technische Betreuung pr\u00e4destiniert f\u00fcr Tagungen und Konferenzen. Perfekte Produktionsbedingungen setzen bei uns den Grundstein f\u00fcr jedes erfolgreiche Event.","og_url":"https:\/\/berlinite.de\/en\/meetings-and-conferences\/","og_site_name":"Berlinite","article_publisher":"https:\/\/facebook.com\/berlinite.de","article_modified_time":"2022-12-16T14:11:59+00:00","og_image":[{"width":1920,"height":700,"url":"https:\/\/berlinite.de\/wp-content\/uploads\/2022\/08\/conferences-hero.webp","type":"image\/webp"}],"twitter_card":"summary_large_image","twitter_misc":{"Estimated reading time":"2 minutes"},"schema":{"@context":"https:\/\/schema.org","@graph":[{"@type":"WebPage","@id":"https:\/\/berlinite.de\/meetings-and-conferences\/","url":"https:\/\/berlinite.de\/meetings-and-conferences\/","name":"Tagungen und Konferenzen - Berlinite","isPartOf":{"@id":"https:\/\/berlinite.de\/#website"},"primaryImageOfPage":{"@id":"https:\/\/berlinite.de\/meetings-and-conferences\/#primaryimage"},"image":{"@id":"https:\/\/berlinite.de\/meetings-and-conferences\/#primaryimage"},"thumbnailUrl":"https:\/\/berlinite.de\/wp-content\/uploads\/2022\/08\/conferences-hero.webp","datePublished":"2022-08-10T19:31:15+00:00","dateModified":"2022-12-16T14:11:59+00:00","breadcrumb":{"@id":"https:\/\/berlinite.de\/meetings-and-conferences\/#breadcrumb"},"inLanguage":"en-GB","potentialAction":[{"@type":"ReadAction","target":["https:\/\/berlinite.de\/meetings-and-conferences\/"]}]},{"@type":"ImageObject","inLanguage":"en-GB","@id":"https:\/\/berlinite.de\/meetings-and-conferences\/#primaryimage","url":"https:\/\/berlinite.de\/wp-content\/uploads\/2022\/08\/conferences-hero.webp","contentUrl":"https:\/\/berlinite.de\/wp-content\/uploads\/2022\/08\/conferences-hero.webp","width":1920,"height":700},{"@type":"BreadcrumbList","@id":"https:\/\/berlinite.de\/meetings-and-conferences\/#breadcrumb","itemListElement":[{"@type":"ListItem","position":1,"name":"Home","item":"https:\/\/berlinite.de\/"},{"@type":"ListItem","position":2,"name":"Tagungen und Konferenzen"}]},{"@type":"WebSite","@id":"https:\/\/berlinite.de\/#website","url":"https:\/\/berlinite.de\/","name":"Berlinite","description":"Exklusive Event Locations in Berlin","publisher":{"@id":"https:\/\/berlinite.de\/#organization"},"potentialAction":[{"@type":"SearchAction","target":{"@type":"EntryPoint","urlTemplate":"https:\/\/berlinite.de\/?s={search_term_string}"},"query-input":{"@type":"PropertyValueSpecification","valueRequired":true,"valueName":"search_term_string"}}],"inLanguage":"en-GB"},{"@type":"Organization","@id":"https:\/\/berlinite.de\/#organization","name":"Berlinite","url":"https:\/\/berlinite.de\/","logo":{"@type":"ImageObject","inLanguage":"en-GB","@id":"https:\/\/berlinite.de\/#\/schema\/logo\/image\/","url":"https:\/\/berlinite.de\/wp-content\/uploads\/2023\/06\/Berlinite-Logo-1C-B.svg","contentUrl":"https:\/\/berlinite.de\/wp-content\/uploads\/2023\/06\/Berlinite-Logo-1C-B.svg","width":652,"height":170,"caption":"Berlinite"},"image":{"@id":"https:\/\/berlinite.de\/#\/schema\/logo\/image\/"},"sameAs":["https:\/\/facebook.com\/berlinite.de","https:\/\/instagram.com\/berlinite.de","https:\/\/de.linkedin.com\/company\/berlinite"]}]}},"_links":{"self":[{"href":"https:\/\/berlinite.de\/en\/wp-json\/wp\/v2\/pages\/2080","targetHints":{"allow":["GET"]}}],"collection":[{"href":"https:\/\/berlinite.de\/en\/wp-json\/wp\/v2\/pages"}],"about":[{"href":"https:\/\/berlinite.de\/en\/wp-json\/wp\/v2\/types\/page"}],"author":[{"embeddable":true,"href":"https:\/\/berlinite.de\/en\/wp-json\/wp\/v2\/users\/2"}],"replies":[{"embeddable":true,"href":"https:\/\/berlinite.de\/en\/wp-json\/wp\/v2\/comments?post=2080"}],"version-history":[{"count":5,"href":"https:\/\/berlinite.de\/en\/wp-json\/wp\/v2\/pages\/2080\/revisions"}],"predecessor-version":[{"id":2561,"href":"https:\/\/berlinite.de\/en\/wp-json\/wp\/v2\/pages\/2080\/revisions\/2561"}],"wp:featuredmedia":[{"embeddable":true,"href":"https:\/\/berlinite.de\/en\/wp-json\/wp\/v2\/media\/2082"}],"wp:attachment":[{"href":"https:\/\/berlinite.de\/en\/wp-json\/wp\/v2\/media?parent=2080"}],"curies":[{"name":"wp","href":"https:\/\/api.w.org\/{rel}","templated":true}]}}