{"id":2093,"date":"2022-08-10T21:44:06","date_gmt":"2022-08-10T19:44:06","guid":{"rendered":"https:\/\/new.channelvenues.de\/?page_id=2093"},"modified":"2022-12-16T15:14:05","modified_gmt":"2022-12-16T14:14:05","slug":"christmas-parties","status":"publish","type":"page","link":"https:\/\/berlinite.de\/en\/christmas-parties\/","title":{"rendered":"Christmas parties"},"content":{"rendered":"<div class=\"wp-block-columns is-layout-flex wp-container-core-columns-is-layout-9d6595d7 wp-block-columns-is-layout-flex\">\n<div class=\"wp-block-column is-layout-flow wp-block-column-is-layout-flow\" style=\"flex-basis:33.33%\">\n<p class=\"translation-block\">Whether a touch of Babylon Berlin in the <strong>Metropol<\/strong>, to a private Christmas market on the large <strong>Quasimodo<\/strong> terrace.<\/p>\n\n\n\n<p class=\"translation-block\">In our locations we offer you endless possibilities to give free rein to your creativity and to celebrate the year in a fitting manner. Catering at the highest level and service that leaves nothing to be desired round off your Christmas party. We are happy to assist you with everything from <strong><a href=\"\/en\/catering\" target=\"_self\">Catering<\/a><\/strong>  to a suitable  <strong><a href=\"\/en\/DJ\" target=\"_self\">DJ<\/a><\/strong>.<\/p>\n<\/div>\n\n\n\n<div class=\"wp-block-column is-layout-flow wp-block-column-is-layout-flow\" style=\"flex-basis:66.66%\">\n<figure class=\"wp-block-gallery has-nested-images columns-5 is-cropped uag-masonry uagb-block-5e2c4db7 wp-block-gallery-1 is-layout-flex wp-block-gallery-is-layout-flex\">\n<figure class=\"wp-block-image size-large\"><a href=\"https:\/\/berlinite.de\/wp-content\/uploads\/2022\/08\/CV_xmas_09.webp\"><img loading=\"lazy\" decoding=\"async\" width=\"683\" height=\"1024\" data-id=\"2094\" src=\"https:\/\/berlinite.de\/wp-content\/uploads\/2022\/08\/CV_xmas_09-683x1024.webp\" alt=\"\" class=\"wp-image-2094\" srcset=\"https:\/\/berlinite.de\/wp-content\/uploads\/2022\/08\/CV_xmas_09-683x1024.webp 683w, https:\/\/berlinite.de\/wp-content\/uploads\/2022\/08\/CV_xmas_09-200x300.webp 200w, https:\/\/berlinite.de\/wp-content\/uploads\/2022\/08\/CV_xmas_09-768x1152.webp 768w, https:\/\/berlinite.de\/wp-content\/uploads\/2022\/08\/CV_xmas_09.webp 800w\" sizes=\"auto, (max-width: 683px) 100vw, 683px\" \/><\/a><\/figure>\n\n\n\n<figure class=\"wp-block-image size-large\"><a href=\"https:\/\/berlinite.de\/wp-content\/uploads\/2022\/08\/CV_xmas_05.webp\"><img loading=\"lazy\" decoding=\"async\" width=\"683\" height=\"1024\" data-id=\"2100\" src=\"https:\/\/berlinite.de\/wp-content\/uploads\/2022\/08\/CV_xmas_05-683x1024.webp\" alt=\"\" class=\"wp-image-2100\" srcset=\"https:\/\/berlinite.de\/wp-content\/uploads\/2022\/08\/CV_xmas_05-683x1024.webp 683w, https:\/\/berlinite.de\/wp-content\/uploads\/2022\/08\/CV_xmas_05-200x300.webp 200w, https:\/\/berlinite.de\/wp-content\/uploads\/2022\/08\/CV_xmas_05-768x1152.webp 768w, https:\/\/berlinite.de\/wp-content\/uploads\/2022\/08\/CV_xmas_05.webp 800w\" sizes=\"auto, (max-width: 683px) 100vw, 683px\" \/><\/a><\/figure>\n\n\n\n<figure class=\"wp-block-image size-large\"><a href=\"https:\/\/berlinite.de\/wp-content\/uploads\/2022\/08\/CV_xmas_08.webp\"><img loading=\"lazy\" decoding=\"async\" width=\"683\" height=\"1024\" data-id=\"2102\" src=\"https:\/\/berlinite.de\/wp-content\/uploads\/2022\/08\/CV_xmas_08-683x1024.webp\" alt=\"\" class=\"wp-image-2102\" srcset=\"https:\/\/berlinite.de\/wp-content\/uploads\/2022\/08\/CV_xmas_08-683x1024.webp 683w, https:\/\/berlinite.de\/wp-content\/uploads\/2022\/08\/CV_xmas_08-200x300.webp 200w, https:\/\/berlinite.de\/wp-content\/uploads\/2022\/08\/CV_xmas_08-768x1152.webp 768w, https:\/\/berlinite.de\/wp-content\/uploads\/2022\/08\/CV_xmas_08.webp 800w\" sizes=\"auto, (max-width: 683px) 100vw, 683px\" \/><\/a><\/figure>\n\n\n\n<figure class=\"wp-block-image size-large\"><a href=\"https:\/\/berlinite.de\/wp-content\/uploads\/2022\/08\/CV_xmas_07.webp\"><img loading=\"lazy\" decoding=\"async\" width=\"683\" height=\"1024\" data-id=\"2096\" src=\"https:\/\/berlinite.de\/wp-content\/uploads\/2022\/08\/CV_xmas_07-683x1024.webp\" alt=\"\" class=\"wp-image-2096\" srcset=\"https:\/\/berlinite.de\/wp-content\/uploads\/2022\/08\/CV_xmas_07-683x1024.webp 683w, https:\/\/berlinite.de\/wp-content\/uploads\/2022\/08\/CV_xmas_07-200x300.webp 200w, https:\/\/berlinite.de\/wp-content\/uploads\/2022\/08\/CV_xmas_07-768x1152.webp 768w, https:\/\/berlinite.de\/wp-content\/uploads\/2022\/08\/CV_xmas_07.webp 800w\" sizes=\"auto, (max-width: 683px) 100vw, 683px\" \/><\/a><\/figure>\n\n\n\n<figure class=\"wp-block-image size-large\"><a href=\"https:\/\/berlinite.de\/wp-content\/uploads\/2022\/08\/CV_xmas_03.webp\"><img loading=\"lazy\" decoding=\"async\" width=\"683\" height=\"1024\" data-id=\"2099\" src=\"https:\/\/berlinite.de\/wp-content\/uploads\/2022\/08\/CV_xmas_03-683x1024.webp\" alt=\"\" class=\"wp-image-2099\" srcset=\"https:\/\/berlinite.de\/wp-content\/uploads\/2022\/08\/CV_xmas_03-683x1024.webp 683w, https:\/\/berlinite.de\/wp-content\/uploads\/2022\/08\/CV_xmas_03-200x300.webp 200w, https:\/\/berlinite.de\/wp-content\/uploads\/2022\/08\/CV_xmas_03-768x1152.webp 768w, https:\/\/berlinite.de\/wp-content\/uploads\/2022\/08\/CV_xmas_03.webp 800w\" sizes=\"auto, (max-width: 683px) 100vw, 683px\" \/><\/a><\/figure>\n\n\n\n<figure class=\"wp-block-image size-large\"><a href=\"https:\/\/berlinite.de\/wp-content\/uploads\/2022\/08\/CV_xmas_10.webp\"><img loading=\"lazy\" decoding=\"async\" width=\"1024\" height=\"683\" data-id=\"2101\" src=\"https:\/\/berlinite.de\/wp-content\/uploads\/2022\/08\/CV_xmas_10-1024x683.webp\" alt=\"\" class=\"wp-image-2101\" srcset=\"https:\/\/berlinite.de\/wp-content\/uploads\/2022\/08\/CV_xmas_10-1024x683.webp 1024w, https:\/\/berlinite.de\/wp-content\/uploads\/2022\/08\/CV_xmas_10-300x200.webp 300w, https:\/\/berlinite.de\/wp-content\/uploads\/2022\/08\/CV_xmas_10-768x512.webp 768w, https:\/\/berlinite.de\/wp-content\/uploads\/2022\/08\/CV_xmas_10.webp 1200w\" sizes=\"auto, (max-width: 1024px) 100vw, 1024px\" \/><\/a><\/figure>\n\n\n\n<figure class=\"wp-block-image size-large\"><a href=\"https:\/\/berlinite.de\/wp-content\/uploads\/2022\/08\/CV_xmas_06.webp\"><img loading=\"lazy\" decoding=\"async\" width=\"1024\" height=\"683\" data-id=\"2095\" src=\"https:\/\/berlinite.de\/wp-content\/uploads\/2022\/08\/CV_xmas_06-1024x683.webp\" alt=\"\" class=\"wp-image-2095\" srcset=\"https:\/\/berlinite.de\/wp-content\/uploads\/2022\/08\/CV_xmas_06-1024x683.webp 1024w, https:\/\/berlinite.de\/wp-content\/uploads\/2022\/08\/CV_xmas_06-300x200.webp 300w, https:\/\/berlinite.de\/wp-content\/uploads\/2022\/08\/CV_xmas_06-768x512.webp 768w, https:\/\/berlinite.de\/wp-content\/uploads\/2022\/08\/CV_xmas_06.webp 1200w\" sizes=\"auto, (max-width: 1024px) 100vw, 1024px\" \/><\/a><\/figure>\n\n\n\n<figure class=\"wp-block-image size-large\"><a href=\"https:\/\/berlinite.de\/wp-content\/uploads\/2022\/08\/CV_xmas_02.webp\"><img loading=\"lazy\" decoding=\"async\" width=\"1024\" height=\"683\" data-id=\"2103\" src=\"https:\/\/berlinite.de\/wp-content\/uploads\/2022\/08\/CV_xmas_02-1024x683.webp\" alt=\"\" class=\"wp-image-2103\" srcset=\"https:\/\/berlinite.de\/wp-content\/uploads\/2022\/08\/CV_xmas_02-1024x683.webp 1024w, https:\/\/berlinite.de\/wp-content\/uploads\/2022\/08\/CV_xmas_02-300x200.webp 300w, https:\/\/berlinite.de\/wp-content\/uploads\/2022\/08\/CV_xmas_02-768x512.webp 768w, https:\/\/berlinite.de\/wp-content\/uploads\/2022\/08\/CV_xmas_02.webp 1200w\" sizes=\"auto, (max-width: 1024px) 100vw, 1024px\" \/><\/a><\/figure>\n\n\n\n<figure class=\"wp-block-image size-large\"><a href=\"https:\/\/berlinite.de\/wp-content\/uploads\/2022\/08\/CV_xmas_04.webp\"><img loading=\"lazy\" decoding=\"async\" width=\"1024\" height=\"683\" data-id=\"2097\" src=\"https:\/\/berlinite.de\/wp-content\/uploads\/2022\/08\/CV_xmas_04-1024x683.webp\" alt=\"\" class=\"wp-image-2097\" srcset=\"https:\/\/berlinite.de\/wp-content\/uploads\/2022\/08\/CV_xmas_04-1024x683.webp 1024w, https:\/\/berlinite.de\/wp-content\/uploads\/2022\/08\/CV_xmas_04-300x200.webp 300w, https:\/\/berlinite.de\/wp-content\/uploads\/2022\/08\/CV_xmas_04-768x512.webp 768w, https:\/\/berlinite.de\/wp-content\/uploads\/2022\/08\/CV_xmas_04.webp 1200w\" sizes=\"auto, (max-width: 1024px) 100vw, 1024px\" \/><\/a><\/figure>\n\n\n\n<figure class=\"wp-block-image size-large\"><a href=\"https:\/\/berlinite.de\/wp-content\/uploads\/2022\/08\/CV_xmas_01.webp\"><img loading=\"lazy\" decoding=\"async\" width=\"1024\" height=\"683\" data-id=\"2098\" src=\"https:\/\/berlinite.de\/wp-content\/uploads\/2022\/08\/CV_xmas_01-1024x683.webp\" alt=\"\" class=\"wp-image-2098\" srcset=\"https:\/\/berlinite.de\/wp-content\/uploads\/2022\/08\/CV_xmas_01-1024x683.webp 1024w, https:\/\/berlinite.de\/wp-content\/uploads\/2022\/08\/CV_xmas_01-300x200.webp 300w, https:\/\/berlinite.de\/wp-content\/uploads\/2022\/08\/CV_xmas_01-768x512.webp 768w, https:\/\/berlinite.de\/wp-content\/uploads\/2022\/08\/CV_xmas_01.webp 1200w\" sizes=\"auto, (max-width: 1024px) 100vw, 1024px\" \/><\/a><\/figure>\n<\/figure>\n<\/div>\n<\/div>","protected":false},"excerpt":{"rendered":"<p>Ob ein Hauch von Babylon Berlin im Metropol, bis hin zu einem privaten Weihnachtsmarkt auf der gro\u00dfen Quasimodo Terrasse. In unseren Locations bieten wir dir unendliche M\u00f6glichkeiten deiner Kreativit\u00e4t freien Lauf zu lassen und das Jahr geb\u00fchrend zu feiern. Catering auf h\u00f6chstem Niveau und Service, der keine W\u00fcnsche offen l\u00e4sst runden deine Weihnachtsfeier ab. Gerne &#8230; <a title=\"Christmas parties\" class=\"read-more\" href=\"https:\/\/berlinite.de\/en\/christmas-parties\/\" aria-label=\"Read more about Weihnachtsfeiern\">Weiterlesen &#8230;<\/a><\/p>","protected":false},"author":2,"featured_media":2105,"parent":0,"menu_order":0,"comment_status":"closed","ping_status":"closed","template":"","meta":{"_acf_changed":false,"footnotes":""},"class_list":["post-2093","page","type-page","status-publish","has-post-thumbnail"],"acf":[],"yoast_head":"<!-- This site is optimized with the Yoast SEO plugin v27.3 - https:\/\/yoast.com\/product\/yoast-seo-wordpress\/ -->\n<title>Weihnachtsfeiern - Berlinite<\/title>\n<meta name=\"robots\" content=\"index, follow, max-snippet:-1, max-image-preview:large, max-video-preview:-1\" \/>\n<link rel=\"canonical\" href=\"https:\/\/berlinite.de\/en\/christmas-parties\/\" \/>\n<meta property=\"og:locale\" content=\"en_GB\" \/>\n<meta property=\"og:type\" content=\"article\" \/>\n<meta property=\"og:title\" content=\"Weihnachtsfeiern - Berlinite\" \/>\n<meta property=\"og:description\" content=\"Ob ein Hauch von Babylon Berlin im Metropol, bis hin zu einem privaten Weihnachtsmarkt auf der gro\u00dfen Quasimodo Terrasse. In unseren Locations bieten wir dir unendliche M\u00f6glichkeiten deiner Kreativit\u00e4t freien Lauf zu lassen und das Jahr geb\u00fchrend zu feiern. Catering auf h\u00f6chstem Niveau und Service, der keine W\u00fcnsche offen l\u00e4sst runden deine Weihnachtsfeier ab. Gerne ... Weiterlesen ...\" \/>\n<meta property=\"og:url\" content=\"https:\/\/berlinite.de\/en\/christmas-parties\/\" \/>\n<meta property=\"og:site_name\" content=\"Berlinite\" \/>\n<meta property=\"article:publisher\" content=\"https:\/\/facebook.com\/berlinite.de\" \/>\n<meta property=\"article:modified_time\" content=\"2022-12-16T14:14:05+00:00\" \/>\n<meta property=\"og:image\" content=\"https:\/\/berlinite.de\/wp-content\/uploads\/2022\/08\/xmas-hero.webp\" \/>\n\t<meta property=\"og:image:width\" content=\"1920\" \/>\n\t<meta property=\"og:image:height\" content=\"700\" \/>\n\t<meta property=\"og:image:type\" content=\"image\/webp\" \/>\n<meta name=\"twitter:card\" content=\"summary_large_image\" \/>\n<meta name=\"twitter:label1\" content=\"Estimated reading time\" \/>\n\t<meta name=\"twitter:data1\" content=\"3 minutes\" \/>\n<script type=\"application\/ld+json\" class=\"yoast-schema-graph\">{\"@context\":\"https:\\\/\\\/schema.org\",\"@graph\":[{\"@type\":\"WebPage\",\"@id\":\"https:\\\/\\\/berlinite.de\\\/christmas-parties\\\/\",\"url\":\"https:\\\/\\\/berlinite.de\\\/christmas-parties\\\/\",\"name\":\"Weihnachtsfeiern - Berlinite\",\"isPartOf\":{\"@id\":\"https:\\\/\\\/berlinite.de\\\/#website\"},\"primaryImageOfPage\":{\"@id\":\"https:\\\/\\\/berlinite.de\\\/christmas-parties\\\/#primaryimage\"},\"image\":{\"@id\":\"https:\\\/\\\/berlinite.de\\\/christmas-parties\\\/#primaryimage\"},\"thumbnailUrl\":\"https:\\\/\\\/berlinite.de\\\/wp-content\\\/uploads\\\/2022\\\/08\\\/xmas-hero.webp\",\"datePublished\":\"2022-08-10T19:44:06+00:00\",\"dateModified\":\"2022-12-16T14:14:05+00:00\",\"breadcrumb\":{\"@id\":\"https:\\\/\\\/berlinite.de\\\/christmas-parties\\\/#breadcrumb\"},\"inLanguage\":\"en-GB\",\"potentialAction\":[{\"@type\":\"ReadAction\",\"target\":[\"https:\\\/\\\/berlinite.de\\\/christmas-parties\\\/\"]}]},{\"@type\":\"ImageObject\",\"inLanguage\":\"en-GB\",\"@id\":\"https:\\\/\\\/berlinite.de\\\/christmas-parties\\\/#primaryimage\",\"url\":\"https:\\\/\\\/berlinite.de\\\/wp-content\\\/uploads\\\/2022\\\/08\\\/xmas-hero.webp\",\"contentUrl\":\"https:\\\/\\\/berlinite.de\\\/wp-content\\\/uploads\\\/2022\\\/08\\\/xmas-hero.webp\",\"width\":1920,\"height\":700},{\"@type\":\"BreadcrumbList\",\"@id\":\"https:\\\/\\\/berlinite.de\\\/christmas-parties\\\/#breadcrumb\",\"itemListElement\":[{\"@type\":\"ListItem\",\"position\":1,\"name\":\"Home\",\"item\":\"https:\\\/\\\/berlinite.de\\\/\"},{\"@type\":\"ListItem\",\"position\":2,\"name\":\"Weihnachtsfeiern\"}]},{\"@type\":\"WebSite\",\"@id\":\"https:\\\/\\\/berlinite.de\\\/#website\",\"url\":\"https:\\\/\\\/berlinite.de\\\/\",\"name\":\"Berlinite\",\"description\":\"Exklusive Event Locations in Berlin\",\"publisher\":{\"@id\":\"https:\\\/\\\/berlinite.de\\\/#organization\"},\"potentialAction\":[{\"@type\":\"SearchAction\",\"target\":{\"@type\":\"EntryPoint\",\"urlTemplate\":\"https:\\\/\\\/berlinite.de\\\/?s={search_term_string}\"},\"query-input\":{\"@type\":\"PropertyValueSpecification\",\"valueRequired\":true,\"valueName\":\"search_term_string\"}}],\"inLanguage\":\"en-GB\"},{\"@type\":\"Organization\",\"@id\":\"https:\\\/\\\/berlinite.de\\\/#organization\",\"name\":\"Berlinite\",\"url\":\"https:\\\/\\\/berlinite.de\\\/\",\"logo\":{\"@type\":\"ImageObject\",\"inLanguage\":\"en-GB\",\"@id\":\"https:\\\/\\\/berlinite.de\\\/#\\\/schema\\\/logo\\\/image\\\/\",\"url\":\"https:\\\/\\\/berlinite.de\\\/wp-content\\\/uploads\\\/2023\\\/06\\\/Berlinite-Logo-1C-B.svg\",\"contentUrl\":\"https:\\\/\\\/berlinite.de\\\/wp-content\\\/uploads\\\/2023\\\/06\\\/Berlinite-Logo-1C-B.svg\",\"width\":652,\"height\":170,\"caption\":\"Berlinite\"},\"image\":{\"@id\":\"https:\\\/\\\/berlinite.de\\\/#\\\/schema\\\/logo\\\/image\\\/\"},\"sameAs\":[\"https:\\\/\\\/facebook.com\\\/berlinite.de\",\"https:\\\/\\\/instagram.com\\\/berlinite.de\",\"https:\\\/\\\/de.linkedin.com\\\/company\\\/berlinite\"]}]}<\/script>\n<!-- \/ Yoast SEO plugin. -->","yoast_head_json":{"title":"Weihnachtsfeiern - Berlinite","robots":{"index":"index","follow":"follow","max-snippet":"max-snippet:-1","max-image-preview":"max-image-preview:large","max-video-preview":"max-video-preview:-1"},"canonical":"https:\/\/berlinite.de\/en\/christmas-parties\/","og_locale":"en_GB","og_type":"article","og_title":"Weihnachtsfeiern - Berlinite","og_description":"Ob ein Hauch von Babylon Berlin im Metropol, bis hin zu einem privaten Weihnachtsmarkt auf der gro\u00dfen Quasimodo Terrasse. In unseren Locations bieten wir dir unendliche M\u00f6glichkeiten deiner Kreativit\u00e4t freien Lauf zu lassen und das Jahr geb\u00fchrend zu feiern. Catering auf h\u00f6chstem Niveau und Service, der keine W\u00fcnsche offen l\u00e4sst runden deine Weihnachtsfeier ab. Gerne ... Weiterlesen ...","og_url":"https:\/\/berlinite.de\/en\/christmas-parties\/","og_site_name":"Berlinite","article_publisher":"https:\/\/facebook.com\/berlinite.de","article_modified_time":"2022-12-16T14:14:05+00:00","og_image":[{"width":1920,"height":700,"url":"https:\/\/berlinite.de\/wp-content\/uploads\/2022\/08\/xmas-hero.webp","type":"image\/webp"}],"twitter_card":"summary_large_image","twitter_misc":{"Estimated reading time":"3 minutes"},"schema":{"@context":"https:\/\/schema.org","@graph":[{"@type":"WebPage","@id":"https:\/\/berlinite.de\/christmas-parties\/","url":"https:\/\/berlinite.de\/christmas-parties\/","name":"Weihnachtsfeiern - Berlinite","isPartOf":{"@id":"https:\/\/berlinite.de\/#website"},"primaryImageOfPage":{"@id":"https:\/\/berlinite.de\/christmas-parties\/#primaryimage"},"image":{"@id":"https:\/\/berlinite.de\/christmas-parties\/#primaryimage"},"thumbnailUrl":"https:\/\/berlinite.de\/wp-content\/uploads\/2022\/08\/xmas-hero.webp","datePublished":"2022-08-10T19:44:06+00:00","dateModified":"2022-12-16T14:14:05+00:00","breadcrumb":{"@id":"https:\/\/berlinite.de\/christmas-parties\/#breadcrumb"},"inLanguage":"en-GB","potentialAction":[{"@type":"ReadAction","target":["https:\/\/berlinite.de\/christmas-parties\/"]}]},{"@type":"ImageObject","inLanguage":"en-GB","@id":"https:\/\/berlinite.de\/christmas-parties\/#primaryimage","url":"https:\/\/berlinite.de\/wp-content\/uploads\/2022\/08\/xmas-hero.webp","contentUrl":"https:\/\/berlinite.de\/wp-content\/uploads\/2022\/08\/xmas-hero.webp","width":1920,"height":700},{"@type":"BreadcrumbList","@id":"https:\/\/berlinite.de\/christmas-parties\/#breadcrumb","itemListElement":[{"@type":"ListItem","position":1,"name":"Home","item":"https:\/\/berlinite.de\/"},{"@type":"ListItem","position":2,"name":"Weihnachtsfeiern"}]},{"@type":"WebSite","@id":"https:\/\/berlinite.de\/#website","url":"https:\/\/berlinite.de\/","name":"Berlinite","description":"Exklusive Event Locations in Berlin","publisher":{"@id":"https:\/\/berlinite.de\/#organization"},"potentialAction":[{"@type":"SearchAction","target":{"@type":"EntryPoint","urlTemplate":"https:\/\/berlinite.de\/?s={search_term_string}"},"query-input":{"@type":"PropertyValueSpecification","valueRequired":true,"valueName":"search_term_string"}}],"inLanguage":"en-GB"},{"@type":"Organization","@id":"https:\/\/berlinite.de\/#organization","name":"Berlinite","url":"https:\/\/berlinite.de\/","logo":{"@type":"ImageObject","inLanguage":"en-GB","@id":"https:\/\/berlinite.de\/#\/schema\/logo\/image\/","url":"https:\/\/berlinite.de\/wp-content\/uploads\/2023\/06\/Berlinite-Logo-1C-B.svg","contentUrl":"https:\/\/berlinite.de\/wp-content\/uploads\/2023\/06\/Berlinite-Logo-1C-B.svg","width":652,"height":170,"caption":"Berlinite"},"image":{"@id":"https:\/\/berlinite.de\/#\/schema\/logo\/image\/"},"sameAs":["https:\/\/facebook.com\/berlinite.de","https:\/\/instagram.com\/berlinite.de","https:\/\/de.linkedin.com\/company\/berlinite"]}]}},"_links":{"self":[{"href":"https:\/\/berlinite.de\/en\/wp-json\/wp\/v2\/pages\/2093","targetHints":{"allow":["GET"]}}],"collection":[{"href":"https:\/\/berlinite.de\/en\/wp-json\/wp\/v2\/pages"}],"about":[{"href":"https:\/\/berlinite.de\/en\/wp-json\/wp\/v2\/types\/page"}],"author":[{"embeddable":true,"href":"https:\/\/berlinite.de\/en\/wp-json\/wp\/v2\/users\/2"}],"replies":[{"embeddable":true,"href":"https:\/\/berlinite.de\/en\/wp-json\/wp\/v2\/comments?post=2093"}],"version-history":[{"count":6,"href":"https:\/\/berlinite.de\/en\/wp-json\/wp\/v2\/pages\/2093\/revisions"}],"predecessor-version":[{"id":2564,"href":"https:\/\/berlinite.de\/en\/wp-json\/wp\/v2\/pages\/2093\/revisions\/2564"}],"wp:featuredmedia":[{"embeddable":true,"href":"https:\/\/berlinite.de\/en\/wp-json\/wp\/v2\/media\/2105"}],"wp:attachment":[{"href":"https:\/\/berlinite.de\/en\/wp-json\/wp\/v2\/media?parent=2093"}],"curies":[{"name":"wp","href":"https:\/\/api.w.org\/{rel}","templated":true}]}}