{"id":2125,"date":"2022-08-15T10:10:46","date_gmt":"2022-08-15T08:10:46","guid":{"rendered":"https:\/\/new.channelvenues.de\/?page_id=2125"},"modified":"2022-08-15T10:52:40","modified_gmt":"2022-08-15T08:52:40","slug":"dj","status":"publish","type":"page","link":"https:\/\/berlinite.de\/en\/dj\/","title":{"rendered":"DJ"},"content":{"rendered":"<div class=\"wp-block-columns is-layout-flex wp-container-core-columns-is-layout-9d6595d7 wp-block-columns-is-layout-flex\">\n<div class=\"wp-block-column is-vertically-aligned-center is-layout-flow wp-block-column-is-layout-flow\">\n<h2 class=\"wp-block-heading\">DJ Hendrik Unltd<\/h2>\n<\/div>\n\n\n\n<div class=\"wp-block-column is-vertically-aligned-center is-layout-flow wp-block-column-is-layout-flow\">\n<figure class=\"wp-block-gallery has-nested-images columns-4 is-cropped wp-block-gallery-1 is-layout-flex wp-block-gallery-is-layout-flex\">\n<figure class=\"wp-block-image size-thumbnail\"><a href=\"https:\/\/berlinite.de\/wp-content\/uploads\/2022\/08\/CV_partner_DJ_01.webp\"><img loading=\"lazy\" decoding=\"async\" width=\"150\" height=\"150\" data-id=\"2154\" src=\"https:\/\/berlinite.de\/wp-content\/uploads\/2022\/08\/CV_partner_DJ_01-150x150.webp\" alt=\"\" class=\"wp-image-2154\"\/><\/a><\/figure>\n\n\n\n<figure class=\"wp-block-image size-thumbnail\"><a href=\"https:\/\/berlinite.de\/wp-content\/uploads\/2022\/08\/CV_partner_DJ_02.webp\"><img loading=\"lazy\" decoding=\"async\" width=\"150\" height=\"150\" data-id=\"2155\" src=\"https:\/\/berlinite.de\/wp-content\/uploads\/2022\/08\/CV_partner_DJ_02-150x150.webp\" alt=\"\" class=\"wp-image-2155\"\/><\/a><\/figure>\n\n\n\n<figure class=\"wp-block-image size-thumbnail\"><a href=\"https:\/\/berlinite.de\/wp-content\/uploads\/2022\/08\/CV_partner_DJ_03.webp\"><img loading=\"lazy\" decoding=\"async\" width=\"150\" height=\"150\" data-id=\"2156\" src=\"https:\/\/berlinite.de\/wp-content\/uploads\/2022\/08\/CV_partner_DJ_03-150x150.webp\" alt=\"\" class=\"wp-image-2156\"\/><\/a><\/figure>\n\n\n\n<figure class=\"wp-block-image size-thumbnail\"><a href=\"https:\/\/berlinite.de\/wp-content\/uploads\/2022\/08\/CV_partner_DJ_04.webp\"><img loading=\"lazy\" decoding=\"async\" width=\"150\" height=\"150\" data-id=\"2157\" src=\"https:\/\/berlinite.de\/wp-content\/uploads\/2022\/08\/CV_partner_DJ_04-150x150.webp\" alt=\"\" class=\"wp-image-2157\"\/><\/a><\/figure>\n<\/figure>\n<\/div>\n<\/div>\n\n\n\n<p class=\"translation-block\">Known as a resident club DJ in leading clubs in Germany and Switzerland, Hendrik Unltd is also active in the corporate sector.<br>For clients such as Zalando, Mercedes Benz or IBM, he has been the DJ of choice for years, enjoying the trust of numerous clients from summer parties to exclusive product launches. As an absolute professional, Hendrik Unltd takes guests on a journey through genres and decades.<br>With a broad musical range and a focus on providing guests with a unique event experience, Hendrik Unltd guarantees danceable evenings until the early hours of the morning.<\/p>\n\n\n\n<p>We are delighted about this reliable partnership and to be able to offer him as a premium partner in our repertoire.<\/p>\n\n\n\n<hr class=\"wp-block-separator has-alpha-channel-opacity\"\/>\n\n\n\n<p><strong>Website:<\/strong> <a href=\"https:\/\/hendrikunltd.de\" target=\"_blank\" rel=\"noreferrer noopener\">hendrikunltd.de<\/a><\/p>","protected":false},"excerpt":{"rendered":"<p>DJ Hendrik Unltd Bekannt als Resident Club DJ in f\u00fchrenden Clubs in Deutschland und der Schweiz ist Hendrik Unltd auch im Corporate Bereich t\u00e4tig.F\u00fcr Kunden wie Zalando, Mercedes Benz oder IBM ist er seit Jahren der Wunsch DJ, der von der Sommerfeier bis hin zum exklusiven Produkt Launch das Vertrauen etlicher Kunden geniesst. Als absoluter &#8230; <a title=\"DJ\" class=\"read-more\" href=\"https:\/\/berlinite.de\/en\/dj\/\" aria-label=\"Read more about DJ\">Weiterlesen &#8230;<\/a><\/p>","protected":false},"author":2,"featured_media":2163,"parent":0,"menu_order":0,"comment_status":"closed","ping_status":"closed","template":"","meta":{"_acf_changed":false,"footnotes":""},"class_list":["post-2125","page","type-page","status-publish","has-post-thumbnail"],"acf":[],"yoast_head":"<!-- This site is optimized with the Yoast SEO plugin v27.4 - https:\/\/yoast.com\/product\/yoast-seo-wordpress\/ -->\n<title>DJ - Berlinite<\/title>\n<meta name=\"robots\" content=\"index, follow, max-snippet:-1, max-image-preview:large, max-video-preview:-1\" \/>\n<link rel=\"canonical\" href=\"https:\/\/berlinite.de\/en\/dj\/\" \/>\n<meta property=\"og:locale\" content=\"en_GB\" \/>\n<meta property=\"og:type\" content=\"article\" \/>\n<meta property=\"og:title\" content=\"DJ - Berlinite\" \/>\n<meta property=\"og:description\" content=\"DJ Hendrik Unltd Bekannt als Resident Club DJ in f\u00fchrenden Clubs in Deutschland und der Schweiz ist Hendrik Unltd auch im Corporate Bereich t\u00e4tig.F\u00fcr Kunden wie Zalando, Mercedes Benz oder IBM ist er seit Jahren der Wunsch DJ, der von der Sommerfeier bis hin zum exklusiven Produkt Launch das Vertrauen etlicher Kunden geniesst. Als absoluter ... Weiterlesen ...\" \/>\n<meta property=\"og:url\" content=\"https:\/\/berlinite.de\/en\/dj\/\" \/>\n<meta property=\"og:site_name\" content=\"Berlinite\" \/>\n<meta property=\"article:publisher\" content=\"https:\/\/facebook.com\/berlinite.de\" \/>\n<meta property=\"article:modified_time\" content=\"2022-08-15T08:52:40+00:00\" \/>\n<meta property=\"og:image\" content=\"https:\/\/berlinite.de\/wp-content\/uploads\/2022\/08\/dj-hero.webp\" \/>\n\t<meta property=\"og:image:width\" content=\"1920\" \/>\n\t<meta property=\"og:image:height\" content=\"700\" \/>\n\t<meta property=\"og:image:type\" content=\"image\/webp\" \/>\n<meta name=\"twitter:card\" content=\"summary_large_image\" \/>\n<meta name=\"twitter:label1\" content=\"Estimated reading time\" \/>\n\t<meta name=\"twitter:data1\" content=\"2 minutes\" \/>\n<script type=\"application\/ld+json\" class=\"yoast-schema-graph\">{\"@context\":\"https:\\\/\\\/schema.org\",\"@graph\":[{\"@type\":\"WebPage\",\"@id\":\"https:\\\/\\\/berlinite.de\\\/en\\\/dj\\\/\",\"url\":\"https:\\\/\\\/berlinite.de\\\/en\\\/dj\\\/\",\"name\":\"DJ - Berlinite\",\"isPartOf\":{\"@id\":\"https:\\\/\\\/berlinite.de\\\/#website\"},\"primaryImageOfPage\":{\"@id\":\"https:\\\/\\\/berlinite.de\\\/en\\\/dj\\\/#primaryimage\"},\"image\":{\"@id\":\"https:\\\/\\\/berlinite.de\\\/en\\\/dj\\\/#primaryimage\"},\"thumbnailUrl\":\"https:\\\/\\\/berlinite.de\\\/wp-content\\\/uploads\\\/2022\\\/08\\\/dj-hero.webp\",\"datePublished\":\"2022-08-15T08:10:46+00:00\",\"dateModified\":\"2022-08-15T08:52:40+00:00\",\"breadcrumb\":{\"@id\":\"https:\\\/\\\/berlinite.de\\\/en\\\/dj\\\/#breadcrumb\"},\"inLanguage\":\"en-GB\",\"potentialAction\":[{\"@type\":\"ReadAction\",\"target\":[\"https:\\\/\\\/berlinite.de\\\/en\\\/dj\\\/\"]}]},{\"@type\":\"ImageObject\",\"inLanguage\":\"en-GB\",\"@id\":\"https:\\\/\\\/berlinite.de\\\/en\\\/dj\\\/#primaryimage\",\"url\":\"https:\\\/\\\/berlinite.de\\\/wp-content\\\/uploads\\\/2022\\\/08\\\/dj-hero.webp\",\"contentUrl\":\"https:\\\/\\\/berlinite.de\\\/wp-content\\\/uploads\\\/2022\\\/08\\\/dj-hero.webp\",\"width\":1920,\"height\":700},{\"@type\":\"BreadcrumbList\",\"@id\":\"https:\\\/\\\/berlinite.de\\\/en\\\/dj\\\/#breadcrumb\",\"itemListElement\":[{\"@type\":\"ListItem\",\"position\":1,\"name\":\"Home\",\"item\":\"https:\\\/\\\/berlinite.de\\\/\"},{\"@type\":\"ListItem\",\"position\":2,\"name\":\"DJ\"}]},{\"@type\":\"WebSite\",\"@id\":\"https:\\\/\\\/berlinite.de\\\/#website\",\"url\":\"https:\\\/\\\/berlinite.de\\\/\",\"name\":\"Berlinite\",\"description\":\"Exklusive Event Locations in Berlin\",\"publisher\":{\"@id\":\"https:\\\/\\\/berlinite.de\\\/#organization\"},\"potentialAction\":[{\"@type\":\"SearchAction\",\"target\":{\"@type\":\"EntryPoint\",\"urlTemplate\":\"https:\\\/\\\/berlinite.de\\\/?s={search_term_string}\"},\"query-input\":{\"@type\":\"PropertyValueSpecification\",\"valueRequired\":true,\"valueName\":\"search_term_string\"}}],\"inLanguage\":\"en-GB\"},{\"@type\":\"Organization\",\"@id\":\"https:\\\/\\\/berlinite.de\\\/#organization\",\"name\":\"Berlinite\",\"url\":\"https:\\\/\\\/berlinite.de\\\/\",\"logo\":{\"@type\":\"ImageObject\",\"inLanguage\":\"en-GB\",\"@id\":\"https:\\\/\\\/berlinite.de\\\/#\\\/schema\\\/logo\\\/image\\\/\",\"url\":\"https:\\\/\\\/berlinite.de\\\/wp-content\\\/uploads\\\/2023\\\/06\\\/Berlinite-Logo-1C-B.svg\",\"contentUrl\":\"https:\\\/\\\/berlinite.de\\\/wp-content\\\/uploads\\\/2023\\\/06\\\/Berlinite-Logo-1C-B.svg\",\"width\":652,\"height\":170,\"caption\":\"Berlinite\"},\"image\":{\"@id\":\"https:\\\/\\\/berlinite.de\\\/#\\\/schema\\\/logo\\\/image\\\/\"},\"sameAs\":[\"https:\\\/\\\/facebook.com\\\/berlinite.de\",\"https:\\\/\\\/instagram.com\\\/berlinite.de\",\"https:\\\/\\\/de.linkedin.com\\\/company\\\/berlinite\"]}]}<\/script>\n<!-- \/ Yoast SEO plugin. -->","yoast_head_json":{"title":"DJ - Berlinite","robots":{"index":"index","follow":"follow","max-snippet":"max-snippet:-1","max-image-preview":"max-image-preview:large","max-video-preview":"max-video-preview:-1"},"canonical":"https:\/\/berlinite.de\/en\/dj\/","og_locale":"en_GB","og_type":"article","og_title":"DJ - Berlinite","og_description":"DJ Hendrik Unltd Bekannt als Resident Club DJ in f\u00fchrenden Clubs in Deutschland und der Schweiz ist Hendrik Unltd auch im Corporate Bereich t\u00e4tig.F\u00fcr Kunden wie Zalando, Mercedes Benz oder IBM ist er seit Jahren der Wunsch DJ, der von der Sommerfeier bis hin zum exklusiven Produkt Launch das Vertrauen etlicher Kunden geniesst. Als absoluter ... Weiterlesen ...","og_url":"https:\/\/berlinite.de\/en\/dj\/","og_site_name":"Berlinite","article_publisher":"https:\/\/facebook.com\/berlinite.de","article_modified_time":"2022-08-15T08:52:40+00:00","og_image":[{"width":1920,"height":700,"url":"https:\/\/berlinite.de\/wp-content\/uploads\/2022\/08\/dj-hero.webp","type":"image\/webp"}],"twitter_card":"summary_large_image","twitter_misc":{"Estimated reading time":"2 minutes"},"schema":{"@context":"https:\/\/schema.org","@graph":[{"@type":"WebPage","@id":"https:\/\/berlinite.de\/en\/dj\/","url":"https:\/\/berlinite.de\/en\/dj\/","name":"DJ - Berlinite","isPartOf":{"@id":"https:\/\/berlinite.de\/#website"},"primaryImageOfPage":{"@id":"https:\/\/berlinite.de\/en\/dj\/#primaryimage"},"image":{"@id":"https:\/\/berlinite.de\/en\/dj\/#primaryimage"},"thumbnailUrl":"https:\/\/berlinite.de\/wp-content\/uploads\/2022\/08\/dj-hero.webp","datePublished":"2022-08-15T08:10:46+00:00","dateModified":"2022-08-15T08:52:40+00:00","breadcrumb":{"@id":"https:\/\/berlinite.de\/en\/dj\/#breadcrumb"},"inLanguage":"en-GB","potentialAction":[{"@type":"ReadAction","target":["https:\/\/berlinite.de\/en\/dj\/"]}]},{"@type":"ImageObject","inLanguage":"en-GB","@id":"https:\/\/berlinite.de\/en\/dj\/#primaryimage","url":"https:\/\/berlinite.de\/wp-content\/uploads\/2022\/08\/dj-hero.webp","contentUrl":"https:\/\/berlinite.de\/wp-content\/uploads\/2022\/08\/dj-hero.webp","width":1920,"height":700},{"@type":"BreadcrumbList","@id":"https:\/\/berlinite.de\/en\/dj\/#breadcrumb","itemListElement":[{"@type":"ListItem","position":1,"name":"Home","item":"https:\/\/berlinite.de\/"},{"@type":"ListItem","position":2,"name":"DJ"}]},{"@type":"WebSite","@id":"https:\/\/berlinite.de\/#website","url":"https:\/\/berlinite.de\/","name":"Berlinite","description":"Exklusive Event Locations in Berlin","publisher":{"@id":"https:\/\/berlinite.de\/#organization"},"potentialAction":[{"@type":"SearchAction","target":{"@type":"EntryPoint","urlTemplate":"https:\/\/berlinite.de\/?s={search_term_string}"},"query-input":{"@type":"PropertyValueSpecification","valueRequired":true,"valueName":"search_term_string"}}],"inLanguage":"en-GB"},{"@type":"Organization","@id":"https:\/\/berlinite.de\/#organization","name":"Berlinite","url":"https:\/\/berlinite.de\/","logo":{"@type":"ImageObject","inLanguage":"en-GB","@id":"https:\/\/berlinite.de\/#\/schema\/logo\/image\/","url":"https:\/\/berlinite.de\/wp-content\/uploads\/2023\/06\/Berlinite-Logo-1C-B.svg","contentUrl":"https:\/\/berlinite.de\/wp-content\/uploads\/2023\/06\/Berlinite-Logo-1C-B.svg","width":652,"height":170,"caption":"Berlinite"},"image":{"@id":"https:\/\/berlinite.de\/#\/schema\/logo\/image\/"},"sameAs":["https:\/\/facebook.com\/berlinite.de","https:\/\/instagram.com\/berlinite.de","https:\/\/de.linkedin.com\/company\/berlinite"]}]}},"_links":{"self":[{"href":"https:\/\/berlinite.de\/en\/wp-json\/wp\/v2\/pages\/2125","targetHints":{"allow":["GET"]}}],"collection":[{"href":"https:\/\/berlinite.de\/en\/wp-json\/wp\/v2\/pages"}],"about":[{"href":"https:\/\/berlinite.de\/en\/wp-json\/wp\/v2\/types\/page"}],"author":[{"embeddable":true,"href":"https:\/\/berlinite.de\/en\/wp-json\/wp\/v2\/users\/2"}],"replies":[{"embeddable":true,"href":"https:\/\/berlinite.de\/en\/wp-json\/wp\/v2\/comments?post=2125"}],"version-history":[{"count":6,"href":"https:\/\/berlinite.de\/en\/wp-json\/wp\/v2\/pages\/2125\/revisions"}],"predecessor-version":[{"id":2162,"href":"https:\/\/berlinite.de\/en\/wp-json\/wp\/v2\/pages\/2125\/revisions\/2162"}],"wp:featuredmedia":[{"embeddable":true,"href":"https:\/\/berlinite.de\/en\/wp-json\/wp\/v2\/media\/2163"}],"wp:attachment":[{"href":"https:\/\/berlinite.de\/en\/wp-json\/wp\/v2\/media?parent=2125"}],"curies":[{"name":"wp","href":"https:\/\/api.w.org\/{rel}","templated":true}]}}