{"id":2130,"date":"2022-08-15T10:13:27","date_gmt":"2022-08-15T08:13:27","guid":{"rendered":"https:\/\/new.channelvenues.de\/?page_id=2130"},"modified":"2022-08-15T10:57:58","modified_gmt":"2022-08-15T08:57:58","slug":"eventausstattung","status":"publish","type":"page","link":"https:\/\/berlinite.de\/en\/eventausstattung\/","title":{"rendered":"Event equipment"},"content":{"rendered":"<div class=\"wp-block-columns are-vertically-aligned-center is-layout-flex wp-container-core-columns-is-layout-9d6595d7 wp-block-columns-is-layout-flex\">\n<div class=\"wp-block-column is-vertically-aligned-center is-layout-flow wp-block-column-is-layout-flow\">\n<figure class=\"wp-block-image size-full is-resized\"><img decoding=\"async\" src=\"https:\/\/berlinite.de\/wp-content\/uploads\/2022\/08\/rent4event-logo.png\" alt=\"RENT4EVENT\" class=\"wp-image-2168\" width=\"400\" title=\"RENT4EVENT\" srcset=\"https:\/\/berlinite.de\/wp-content\/uploads\/2022\/08\/rent4event-logo.png 434w, https:\/\/berlinite.de\/wp-content\/uploads\/2022\/08\/rent4event-logo-300x93.png 300w\" sizes=\"(max-width: 434px) 100vw, 434px\" \/><\/figure>\n<\/div>\n\n\n\n<div class=\"wp-block-column is-vertically-aligned-center is-layout-flow wp-block-column-is-layout-flow\"><\/div>\n<\/div>\n\n\n\n<p><strong>RENT4EVENT<\/strong> has been the full-service supplier for non-food catering since 2000. We supply everything you need for your event. With our locations in Berlin, D\u00fcsseldorf and Cologne, we are close to our customers throughout Germany.<\/p>\n\n\n\n<p>We supply events of all types and sizes and are a reliable partner at trade fairs, film premieres, summer parties, award ceremonies, balls, shop openings, weddings, roadshows, garden parties and other events. With over 16 million rented items in 2018, we are one of the largest providers in the industry. We create lasting experiences with unique events and are at your side as a competent partner from consultation to delivery and return.<\/p>\n\n\n\n<p><strong>Comprehensive equipment for indoor and outdoor use<\/strong><br>Our extensive product portfolio includes porcelain and cutlery ranges from well-known manufacturers, serving and table accessories from serving trays to candlesticks and rental furniture such as chairs, bar stools, high tables and bistro tables, pallet furniture, buffet solutions, table linen, decorative furniture and much more. We have also been able to offer you lounge landscapes, sofas and illuminated furniture for many years. Celebrate with passion and style. We create the right setting.<\/p>\n\n\n\n<p><strong>Professional kitchen technology<\/strong><br>Provided by professionals and made for professional chefs: With professional kitchen technology such as combi-steamers, refrigerators, cooling technology, tapping systems, grills, coffee machines and dishwashing technology, even professional chefs will find everything they need. We have the right equipment for event catering on a grand scale!<\/p>\n\n\n\n<p><strong>Sustainability &amp; responsibility<\/strong><br>The careful use of resources, the assumption of social responsibility, the training of young people and the creation of safe and liveable working conditions are key components of our corporate culture.<br>Als erster Eventausstatter arbeiten wir seit 2012 klimaneutral und sind seit 2019 als eines der ersten Unternehmen der Eventbranche Sustainable Partner vom visitBerlin Convention Office.<\/p>\n\n\n\n<hr class=\"wp-block-separator has-alpha-channel-opacity\"\/>\n\n\n\n<p><strong>Website:<\/strong> <a href=\"https:\/\/rent4event.com\/\" target=\"_blank\" rel=\"noreferrer noopener\">rent4event.com<\/a><\/p>","protected":false},"excerpt":{"rendered":"<p>RENT4EVENT ist seit 2000 der Komplettausstatter f\u00fcr Non-Food-Catering. Wir liefern alles, was Sie f\u00fcr Ihr Event ben\u00f6tigen. Mit unseren Standorten in Berlin, D\u00fcsseldorf und K\u00f6ln sind wir deutschlandweit in der N\u00e4he unserer Kunden. Wir beliefern Veranstaltungen jeder Art und jeder Gr\u00f6\u00dfe und sind auf Messen, bei Filmpremieren, Sommerfesten, Preisverleihungen, B\u00e4llen, Shoper\u00f6ffnungen, Hochzeiten, Roadshows, Gartenfesten und &#8230; <a title=\"Event equipment\" class=\"read-more\" href=\"https:\/\/berlinite.de\/en\/eventausstattung\/\" aria-label=\"Read more about Eventausstattung\">Weiterlesen &#8230;<\/a><\/p>","protected":false},"author":2,"featured_media":0,"parent":0,"menu_order":0,"comment_status":"closed","ping_status":"closed","template":"","meta":{"_acf_changed":false,"footnotes":""},"class_list":["post-2130","page","type-page","status-publish"],"acf":[],"yoast_head":"<!-- This site is optimized with the Yoast SEO plugin v27.3 - https:\/\/yoast.com\/product\/yoast-seo-wordpress\/ -->\n<title>Eventausstattung - Berlinite<\/title>\n<meta name=\"robots\" content=\"index, follow, max-snippet:-1, max-image-preview:large, max-video-preview:-1\" \/>\n<link rel=\"canonical\" href=\"https:\/\/berlinite.de\/en\/eventausstattung\/\" \/>\n<meta property=\"og:locale\" content=\"en_GB\" \/>\n<meta property=\"og:type\" content=\"article\" \/>\n<meta property=\"og:title\" content=\"Eventausstattung - Berlinite\" \/>\n<meta property=\"og:description\" content=\"RENT4EVENT ist seit 2000 der Komplettausstatter f\u00fcr Non-Food-Catering. Wir liefern alles, was Sie f\u00fcr Ihr Event ben\u00f6tigen. Mit unseren Standorten in Berlin, D\u00fcsseldorf und K\u00f6ln sind wir deutschlandweit in der N\u00e4he unserer Kunden. Wir beliefern Veranstaltungen jeder Art und jeder Gr\u00f6\u00dfe und sind auf Messen, bei Filmpremieren, Sommerfesten, Preisverleihungen, B\u00e4llen, Shoper\u00f6ffnungen, Hochzeiten, Roadshows, Gartenfesten und ... Weiterlesen ...\" \/>\n<meta property=\"og:url\" content=\"https:\/\/berlinite.de\/en\/eventausstattung\/\" \/>\n<meta property=\"og:site_name\" content=\"Berlinite\" \/>\n<meta property=\"article:publisher\" content=\"https:\/\/facebook.com\/berlinite.de\" \/>\n<meta property=\"article:modified_time\" content=\"2022-08-15T08:57:58+00:00\" \/>\n<meta property=\"og:image\" content=\"https:\/\/berlinite.de\/wp-content\/uploads\/2022\/08\/rent4event-logo.png\" \/>\n<meta name=\"twitter:card\" content=\"summary_large_image\" \/>\n<meta name=\"twitter:label1\" content=\"Estimated reading time\" \/>\n\t<meta name=\"twitter:data1\" content=\"2 minutes\" \/>\n<script type=\"application\/ld+json\" class=\"yoast-schema-graph\">{\"@context\":\"https:\\\/\\\/schema.org\",\"@graph\":[{\"@type\":\"WebPage\",\"@id\":\"https:\\\/\\\/berlinite.de\\\/en\\\/eventausstattung\\\/\",\"url\":\"https:\\\/\\\/berlinite.de\\\/en\\\/eventausstattung\\\/\",\"name\":\"Eventausstattung - Berlinite\",\"isPartOf\":{\"@id\":\"https:\\\/\\\/berlinite.de\\\/#website\"},\"primaryImageOfPage\":{\"@id\":\"https:\\\/\\\/berlinite.de\\\/en\\\/eventausstattung\\\/#primaryimage\"},\"image\":{\"@id\":\"https:\\\/\\\/berlinite.de\\\/en\\\/eventausstattung\\\/#primaryimage\"},\"thumbnailUrl\":\"https:\\\/\\\/berlinite.de\\\/wp-content\\\/uploads\\\/2022\\\/08\\\/rent4event-logo.png\",\"datePublished\":\"2022-08-15T08:13:27+00:00\",\"dateModified\":\"2022-08-15T08:57:58+00:00\",\"breadcrumb\":{\"@id\":\"https:\\\/\\\/berlinite.de\\\/en\\\/eventausstattung\\\/#breadcrumb\"},\"inLanguage\":\"en-GB\",\"potentialAction\":[{\"@type\":\"ReadAction\",\"target\":[\"https:\\\/\\\/berlinite.de\\\/en\\\/eventausstattung\\\/\"]}]},{\"@type\":\"ImageObject\",\"inLanguage\":\"en-GB\",\"@id\":\"https:\\\/\\\/berlinite.de\\\/en\\\/eventausstattung\\\/#primaryimage\",\"url\":\"https:\\\/\\\/berlinite.de\\\/wp-content\\\/uploads\\\/2022\\\/08\\\/rent4event-logo.png\",\"contentUrl\":\"https:\\\/\\\/berlinite.de\\\/wp-content\\\/uploads\\\/2022\\\/08\\\/rent4event-logo.png\"},{\"@type\":\"BreadcrumbList\",\"@id\":\"https:\\\/\\\/berlinite.de\\\/en\\\/eventausstattung\\\/#breadcrumb\",\"itemListElement\":[{\"@type\":\"ListItem\",\"position\":1,\"name\":\"Home\",\"item\":\"https:\\\/\\\/berlinite.de\\\/\"},{\"@type\":\"ListItem\",\"position\":2,\"name\":\"Eventausstattung\"}]},{\"@type\":\"WebSite\",\"@id\":\"https:\\\/\\\/berlinite.de\\\/#website\",\"url\":\"https:\\\/\\\/berlinite.de\\\/\",\"name\":\"Berlinite\",\"description\":\"Exklusive Event Locations in Berlin\",\"publisher\":{\"@id\":\"https:\\\/\\\/berlinite.de\\\/#organization\"},\"potentialAction\":[{\"@type\":\"SearchAction\",\"target\":{\"@type\":\"EntryPoint\",\"urlTemplate\":\"https:\\\/\\\/berlinite.de\\\/?s={search_term_string}\"},\"query-input\":{\"@type\":\"PropertyValueSpecification\",\"valueRequired\":true,\"valueName\":\"search_term_string\"}}],\"inLanguage\":\"en-GB\"},{\"@type\":\"Organization\",\"@id\":\"https:\\\/\\\/berlinite.de\\\/#organization\",\"name\":\"Berlinite\",\"url\":\"https:\\\/\\\/berlinite.de\\\/\",\"logo\":{\"@type\":\"ImageObject\",\"inLanguage\":\"en-GB\",\"@id\":\"https:\\\/\\\/berlinite.de\\\/#\\\/schema\\\/logo\\\/image\\\/\",\"url\":\"https:\\\/\\\/berlinite.de\\\/wp-content\\\/uploads\\\/2023\\\/06\\\/Berlinite-Logo-1C-B.svg\",\"contentUrl\":\"https:\\\/\\\/berlinite.de\\\/wp-content\\\/uploads\\\/2023\\\/06\\\/Berlinite-Logo-1C-B.svg\",\"width\":652,\"height\":170,\"caption\":\"Berlinite\"},\"image\":{\"@id\":\"https:\\\/\\\/berlinite.de\\\/#\\\/schema\\\/logo\\\/image\\\/\"},\"sameAs\":[\"https:\\\/\\\/facebook.com\\\/berlinite.de\",\"https:\\\/\\\/instagram.com\\\/berlinite.de\",\"https:\\\/\\\/de.linkedin.com\\\/company\\\/berlinite\"]}]}<\/script>\n<!-- \/ Yoast SEO plugin. -->","yoast_head_json":{"title":"Eventausstattung - Berlinite","robots":{"index":"index","follow":"follow","max-snippet":"max-snippet:-1","max-image-preview":"max-image-preview:large","max-video-preview":"max-video-preview:-1"},"canonical":"https:\/\/berlinite.de\/en\/eventausstattung\/","og_locale":"en_GB","og_type":"article","og_title":"Eventausstattung - Berlinite","og_description":"RENT4EVENT ist seit 2000 der Komplettausstatter f\u00fcr Non-Food-Catering. Wir liefern alles, was Sie f\u00fcr Ihr Event ben\u00f6tigen. Mit unseren Standorten in Berlin, D\u00fcsseldorf und K\u00f6ln sind wir deutschlandweit in der N\u00e4he unserer Kunden. Wir beliefern Veranstaltungen jeder Art und jeder Gr\u00f6\u00dfe und sind auf Messen, bei Filmpremieren, Sommerfesten, Preisverleihungen, B\u00e4llen, Shoper\u00f6ffnungen, Hochzeiten, Roadshows, Gartenfesten und ... Weiterlesen ...","og_url":"https:\/\/berlinite.de\/en\/eventausstattung\/","og_site_name":"Berlinite","article_publisher":"https:\/\/facebook.com\/berlinite.de","article_modified_time":"2022-08-15T08:57:58+00:00","og_image":[{"url":"https:\/\/berlinite.de\/wp-content\/uploads\/2022\/08\/rent4event-logo.png","type":"","width":"","height":""}],"twitter_card":"summary_large_image","twitter_misc":{"Estimated reading time":"2 minutes"},"schema":{"@context":"https:\/\/schema.org","@graph":[{"@type":"WebPage","@id":"https:\/\/berlinite.de\/en\/eventausstattung\/","url":"https:\/\/berlinite.de\/en\/eventausstattung\/","name":"Eventausstattung - Berlinite","isPartOf":{"@id":"https:\/\/berlinite.de\/#website"},"primaryImageOfPage":{"@id":"https:\/\/berlinite.de\/en\/eventausstattung\/#primaryimage"},"image":{"@id":"https:\/\/berlinite.de\/en\/eventausstattung\/#primaryimage"},"thumbnailUrl":"https:\/\/berlinite.de\/wp-content\/uploads\/2022\/08\/rent4event-logo.png","datePublished":"2022-08-15T08:13:27+00:00","dateModified":"2022-08-15T08:57:58+00:00","breadcrumb":{"@id":"https:\/\/berlinite.de\/en\/eventausstattung\/#breadcrumb"},"inLanguage":"en-GB","potentialAction":[{"@type":"ReadAction","target":["https:\/\/berlinite.de\/en\/eventausstattung\/"]}]},{"@type":"ImageObject","inLanguage":"en-GB","@id":"https:\/\/berlinite.de\/en\/eventausstattung\/#primaryimage","url":"https:\/\/berlinite.de\/wp-content\/uploads\/2022\/08\/rent4event-logo.png","contentUrl":"https:\/\/berlinite.de\/wp-content\/uploads\/2022\/08\/rent4event-logo.png"},{"@type":"BreadcrumbList","@id":"https:\/\/berlinite.de\/en\/eventausstattung\/#breadcrumb","itemListElement":[{"@type":"ListItem","position":1,"name":"Home","item":"https:\/\/berlinite.de\/"},{"@type":"ListItem","position":2,"name":"Eventausstattung"}]},{"@type":"WebSite","@id":"https:\/\/berlinite.de\/#website","url":"https:\/\/berlinite.de\/","name":"Berlinite","description":"Exklusive Event Locations in Berlin","publisher":{"@id":"https:\/\/berlinite.de\/#organization"},"potentialAction":[{"@type":"SearchAction","target":{"@type":"EntryPoint","urlTemplate":"https:\/\/berlinite.de\/?s={search_term_string}"},"query-input":{"@type":"PropertyValueSpecification","valueRequired":true,"valueName":"search_term_string"}}],"inLanguage":"en-GB"},{"@type":"Organization","@id":"https:\/\/berlinite.de\/#organization","name":"Berlinite","url":"https:\/\/berlinite.de\/","logo":{"@type":"ImageObject","inLanguage":"en-GB","@id":"https:\/\/berlinite.de\/#\/schema\/logo\/image\/","url":"https:\/\/berlinite.de\/wp-content\/uploads\/2023\/06\/Berlinite-Logo-1C-B.svg","contentUrl":"https:\/\/berlinite.de\/wp-content\/uploads\/2023\/06\/Berlinite-Logo-1C-B.svg","width":652,"height":170,"caption":"Berlinite"},"image":{"@id":"https:\/\/berlinite.de\/#\/schema\/logo\/image\/"},"sameAs":["https:\/\/facebook.com\/berlinite.de","https:\/\/instagram.com\/berlinite.de","https:\/\/de.linkedin.com\/company\/berlinite"]}]}},"_links":{"self":[{"href":"https:\/\/berlinite.de\/en\/wp-json\/wp\/v2\/pages\/2130","targetHints":{"allow":["GET"]}}],"collection":[{"href":"https:\/\/berlinite.de\/en\/wp-json\/wp\/v2\/pages"}],"about":[{"href":"https:\/\/berlinite.de\/en\/wp-json\/wp\/v2\/types\/page"}],"author":[{"embeddable":true,"href":"https:\/\/berlinite.de\/en\/wp-json\/wp\/v2\/users\/2"}],"replies":[{"embeddable":true,"href":"https:\/\/berlinite.de\/en\/wp-json\/wp\/v2\/comments?post=2130"}],"version-history":[{"count":5,"href":"https:\/\/berlinite.de\/en\/wp-json\/wp\/v2\/pages\/2130\/revisions"}],"predecessor-version":[{"id":2174,"href":"https:\/\/berlinite.de\/en\/wp-json\/wp\/v2\/pages\/2130\/revisions\/2174"}],"wp:attachment":[{"href":"https:\/\/berlinite.de\/en\/wp-json\/wp\/v2\/media?parent=2130"}],"curies":[{"name":"wp","href":"https:\/\/api.w.org\/{rel}","templated":true}]}}