{"id":2132,"date":"2022-08-15T10:14:57","date_gmt":"2022-08-15T08:14:57","guid":{"rendered":"https:\/\/new.channelvenues.de\/?page_id=2132"},"modified":"2022-08-17T23:21:44","modified_gmt":"2022-08-17T21:21:44","slug":"personal","status":"publish","type":"page","link":"https:\/\/berlinite.de\/en\/personal\/","title":{"rendered":"Staff"},"content":{"rendered":"<div class=\"wp-block-columns is-layout-flex wp-container-core-columns-is-layout-9d6595d7 wp-block-columns-is-layout-flex\">\n<div class=\"wp-block-column is-vertically-aligned-center is-layout-flow wp-block-column-is-layout-flow\">\n<figure class=\"wp-block-image size-large is-resized\"><img decoding=\"async\" src=\"https:\/\/berlinite.de\/wp-content\/uploads\/2022\/08\/eventscout-logo-1024x188.png\" alt=\"Eventscout\" class=\"wp-image-2177\" width=\"400\" title=\"Eventscout\" srcset=\"https:\/\/berlinite.de\/wp-content\/uploads\/2022\/08\/eventscout-logo-1024x188.png 1024w, https:\/\/berlinite.de\/wp-content\/uploads\/2022\/08\/eventscout-logo-300x55.png 300w, https:\/\/berlinite.de\/wp-content\/uploads\/2022\/08\/eventscout-logo-768x141.png 768w, https:\/\/berlinite.de\/wp-content\/uploads\/2022\/08\/eventscout-logo.png 1185w\" sizes=\"(max-width: 1024px) 100vw, 1024px\" \/><\/figure>\n<\/div>\n\n\n\n<div class=\"wp-block-column is-vertically-aligned-center is-layout-flow wp-block-column-is-layout-flow\">\n<figure class=\"wp-block-gallery has-nested-images columns-4 is-cropped wp-block-gallery-1 is-layout-flex wp-block-gallery-is-layout-flex\">\n<figure class=\"wp-block-image size-thumbnail\"><a href=\"https:\/\/berlinite.de\/wp-content\/uploads\/2022\/08\/CV_partner_personal_01.webp\"><img loading=\"lazy\" decoding=\"async\" width=\"150\" height=\"150\" data-id=\"2178\" src=\"https:\/\/berlinite.de\/wp-content\/uploads\/2022\/08\/CV_partner_personal_01-150x150.webp\" alt=\"\" class=\"wp-image-2178\"\/><\/a><\/figure>\n\n\n\n<figure class=\"wp-block-image size-thumbnail\"><a href=\"https:\/\/berlinite.de\/wp-content\/uploads\/2022\/08\/CV_partner_personal_02.webp\"><img loading=\"lazy\" decoding=\"async\" width=\"150\" height=\"150\" data-id=\"2179\" src=\"https:\/\/berlinite.de\/wp-content\/uploads\/2022\/08\/CV_partner_personal_02-150x150.webp\" alt=\"\" class=\"wp-image-2179\"\/><\/a><\/figure>\n\n\n\n<figure class=\"wp-block-image size-thumbnail\"><a href=\"https:\/\/berlinite.de\/wp-content\/uploads\/2022\/08\/CV_partner_personal_03.webp\"><img loading=\"lazy\" decoding=\"async\" width=\"150\" height=\"150\" data-id=\"2180\" src=\"https:\/\/berlinite.de\/wp-content\/uploads\/2022\/08\/CV_partner_personal_03-150x150.webp\" alt=\"\" class=\"wp-image-2180\"\/><\/a><\/figure>\n\n\n\n<figure class=\"wp-block-image size-thumbnail\"><a href=\"https:\/\/berlinite.de\/wp-content\/uploads\/2022\/08\/CV_partner_personal_04.webp\"><img loading=\"lazy\" decoding=\"async\" width=\"150\" height=\"150\" data-id=\"2181\" src=\"https:\/\/berlinite.de\/wp-content\/uploads\/2022\/08\/CV_partner_personal_04-150x150.webp\" alt=\"\" class=\"wp-image-2181\"\/><\/a><\/figure>\n<\/figure>\n<\/div>\n<\/div>\n\n\n\n<p><strong>One thing in particular characterises our team - every one of us is a passionate host!<\/strong><\/p>\n\n\n\n<p class=\"translation-block\">As <strong>personnel specialists<\/strong> for the <strong>event sector<\/strong>, we place our employees in a wide variety of specialised areas. We are a competent and reliable partner for all types of events and the needs of our customers in the event industry, gastronomy, hotels and catering. Our employees form the backbone of every event. With valuable skills, organisational skills and impressive abilities, we enchant your guests and make events last. We contribute to your well-being with a smile, sympathy and expertise at all necessary levels and ensure unforgettable hours with our team.<\/p>\n\n\n\n<p class=\"translation-block\">Our team includes female and male  <strong>service staff, bar assistants, bartenders, buffet staff, hostesses and hosts, promoters, kitchen assistants, logistics staff, stage hands <\/strong> and  <strong>stage helpers <\/strong>, as well as  <strong>set-up <\/strong> and  <strong>dismantling assistants <\/strong>.  <strong>Service managers, head waiters <\/strong> and  <strong>experienced project managers <\/strong> also provide reliable support at various events of all sizes. From private parties and trade fairs to glamorous gala evenings - there is no type of event that we are not familiar with.<\/p>\n\n\n\n<p class=\"translation-block\">\u201ePeople are at the centre of everything we do.\u201c - Fairness, reliability, respect and trust are values that we share with our partners and for which we are committed not only as a professional service provider, but also as a <strong>member of the German Temporary Employment Agency Association<\/strong> (iGZ).<\/p>\n\n\n\n<p>The Eventscout team would like to thank you for the trusting cooperation and looks forward to many more joint projects.<\/p>\n\n\n\n<hr class=\"wp-block-separator has-alpha-channel-opacity\"\/>\n\n\n\n<p><strong>Website:<\/strong> <a href=\"https:\/\/www.event-scout.com\/\" target=\"_blank\" rel=\"noreferrer noopener\">event-scout.com<\/a><\/p>","protected":false},"excerpt":{"rendered":"<p>Eins zeichnet unser Team besonders aus &#8211; Jeder von uns ist Gastgeber aus Leidenschaft! Als Personalspezialisten f\u00fcr den Veranstaltungssektor \u00fcberlassen wir unsere MitarbeiterInnen in die unterschiedlichsten Fachbereiche. F\u00fcr s\u00e4mtliche Veranstaltungsarten und Bed\u00fcrfnisse unserer Kunden in der Eventbranche, Gastronomie, Hotellerie und im Bereich Catering sind wir ein kompetenter und zuverl\u00e4ssiger Partner. Unsere MitarbeiterInnen bilden das R\u00fcckgrat &#8230; <a title=\"Staff\" class=\"read-more\" href=\"https:\/\/berlinite.de\/en\/personal\/\" aria-label=\"Read more about Personal\">Weiterlesen &#8230;<\/a><\/p>","protected":false},"author":2,"featured_media":2260,"parent":0,"menu_order":0,"comment_status":"closed","ping_status":"closed","template":"","meta":{"_acf_changed":false,"footnotes":""},"class_list":["post-2132","page","type-page","status-publish","has-post-thumbnail"],"acf":[],"yoast_head":"<!-- This site is optimized with the Yoast SEO plugin v27.3 - https:\/\/yoast.com\/product\/yoast-seo-wordpress\/ -->\n<title>Personal - Berlinite<\/title>\n<meta name=\"robots\" content=\"index, follow, max-snippet:-1, max-image-preview:large, max-video-preview:-1\" \/>\n<link rel=\"canonical\" href=\"https:\/\/berlinite.de\/en\/personal\/\" \/>\n<meta property=\"og:locale\" content=\"en_GB\" \/>\n<meta property=\"og:type\" content=\"article\" \/>\n<meta property=\"og:title\" content=\"Personal - Berlinite\" \/>\n<meta property=\"og:description\" content=\"Eins zeichnet unser Team besonders aus &#8211; Jeder von uns ist Gastgeber aus Leidenschaft! Als Personalspezialisten f\u00fcr den Veranstaltungssektor \u00fcberlassen wir unsere MitarbeiterInnen in die unterschiedlichsten Fachbereiche. F\u00fcr s\u00e4mtliche Veranstaltungsarten und Bed\u00fcrfnisse unserer Kunden in der Eventbranche, Gastronomie, Hotellerie und im Bereich Catering sind wir ein kompetenter und zuverl\u00e4ssiger Partner. Unsere MitarbeiterInnen bilden das R\u00fcckgrat ... Weiterlesen ...\" \/>\n<meta property=\"og:url\" content=\"https:\/\/berlinite.de\/en\/personal\/\" \/>\n<meta property=\"og:site_name\" content=\"Berlinite\" \/>\n<meta property=\"article:publisher\" content=\"https:\/\/facebook.com\/berlinite.de\" \/>\n<meta property=\"article:modified_time\" content=\"2022-08-17T21:21:44+00:00\" \/>\n<meta property=\"og:image\" content=\"https:\/\/berlinite.de\/wp-content\/uploads\/2022\/08\/personal-hero.webp\" \/>\n\t<meta property=\"og:image:width\" content=\"1920\" \/>\n\t<meta property=\"og:image:height\" content=\"700\" \/>\n\t<meta property=\"og:image:type\" content=\"image\/webp\" \/>\n<meta name=\"twitter:card\" content=\"summary_large_image\" \/>\n<meta name=\"twitter:label1\" content=\"Estimated reading time\" \/>\n\t<meta name=\"twitter:data1\" content=\"3 minutes\" \/>\n<script type=\"application\/ld+json\" class=\"yoast-schema-graph\">{\"@context\":\"https:\\\/\\\/schema.org\",\"@graph\":[{\"@type\":\"WebPage\",\"@id\":\"https:\\\/\\\/berlinite.de\\\/personal\\\/\",\"url\":\"https:\\\/\\\/berlinite.de\\\/personal\\\/\",\"name\":\"Personal - Berlinite\",\"isPartOf\":{\"@id\":\"https:\\\/\\\/berlinite.de\\\/#website\"},\"primaryImageOfPage\":{\"@id\":\"https:\\\/\\\/berlinite.de\\\/personal\\\/#primaryimage\"},\"image\":{\"@id\":\"https:\\\/\\\/berlinite.de\\\/personal\\\/#primaryimage\"},\"thumbnailUrl\":\"https:\\\/\\\/berlinite.de\\\/wp-content\\\/uploads\\\/2022\\\/08\\\/personal-hero.webp\",\"datePublished\":\"2022-08-15T08:14:57+00:00\",\"dateModified\":\"2022-08-17T21:21:44+00:00\",\"breadcrumb\":{\"@id\":\"https:\\\/\\\/berlinite.de\\\/personal\\\/#breadcrumb\"},\"inLanguage\":\"en-GB\",\"potentialAction\":[{\"@type\":\"ReadAction\",\"target\":[\"https:\\\/\\\/berlinite.de\\\/personal\\\/\"]}]},{\"@type\":\"ImageObject\",\"inLanguage\":\"en-GB\",\"@id\":\"https:\\\/\\\/berlinite.de\\\/personal\\\/#primaryimage\",\"url\":\"https:\\\/\\\/berlinite.de\\\/wp-content\\\/uploads\\\/2022\\\/08\\\/personal-hero.webp\",\"contentUrl\":\"https:\\\/\\\/berlinite.de\\\/wp-content\\\/uploads\\\/2022\\\/08\\\/personal-hero.webp\",\"width\":1920,\"height\":700},{\"@type\":\"BreadcrumbList\",\"@id\":\"https:\\\/\\\/berlinite.de\\\/personal\\\/#breadcrumb\",\"itemListElement\":[{\"@type\":\"ListItem\",\"position\":1,\"name\":\"Home\",\"item\":\"https:\\\/\\\/berlinite.de\\\/\"},{\"@type\":\"ListItem\",\"position\":2,\"name\":\"Personal\"}]},{\"@type\":\"WebSite\",\"@id\":\"https:\\\/\\\/berlinite.de\\\/#website\",\"url\":\"https:\\\/\\\/berlinite.de\\\/\",\"name\":\"Berlinite\",\"description\":\"Exklusive Event Locations in Berlin\",\"publisher\":{\"@id\":\"https:\\\/\\\/berlinite.de\\\/#organization\"},\"potentialAction\":[{\"@type\":\"SearchAction\",\"target\":{\"@type\":\"EntryPoint\",\"urlTemplate\":\"https:\\\/\\\/berlinite.de\\\/?s={search_term_string}\"},\"query-input\":{\"@type\":\"PropertyValueSpecification\",\"valueRequired\":true,\"valueName\":\"search_term_string\"}}],\"inLanguage\":\"en-GB\"},{\"@type\":\"Organization\",\"@id\":\"https:\\\/\\\/berlinite.de\\\/#organization\",\"name\":\"Berlinite\",\"url\":\"https:\\\/\\\/berlinite.de\\\/\",\"logo\":{\"@type\":\"ImageObject\",\"inLanguage\":\"en-GB\",\"@id\":\"https:\\\/\\\/berlinite.de\\\/#\\\/schema\\\/logo\\\/image\\\/\",\"url\":\"https:\\\/\\\/berlinite.de\\\/wp-content\\\/uploads\\\/2023\\\/06\\\/Berlinite-Logo-1C-B.svg\",\"contentUrl\":\"https:\\\/\\\/berlinite.de\\\/wp-content\\\/uploads\\\/2023\\\/06\\\/Berlinite-Logo-1C-B.svg\",\"width\":652,\"height\":170,\"caption\":\"Berlinite\"},\"image\":{\"@id\":\"https:\\\/\\\/berlinite.de\\\/#\\\/schema\\\/logo\\\/image\\\/\"},\"sameAs\":[\"https:\\\/\\\/facebook.com\\\/berlinite.de\",\"https:\\\/\\\/instagram.com\\\/berlinite.de\",\"https:\\\/\\\/de.linkedin.com\\\/company\\\/berlinite\"]}]}<\/script>\n<!-- \/ Yoast SEO plugin. -->","yoast_head_json":{"title":"Personal - Berlinite","robots":{"index":"index","follow":"follow","max-snippet":"max-snippet:-1","max-image-preview":"max-image-preview:large","max-video-preview":"max-video-preview:-1"},"canonical":"https:\/\/berlinite.de\/en\/personal\/","og_locale":"en_GB","og_type":"article","og_title":"Personal - Berlinite","og_description":"Eins zeichnet unser Team besonders aus &#8211; Jeder von uns ist Gastgeber aus Leidenschaft! Als Personalspezialisten f\u00fcr den Veranstaltungssektor \u00fcberlassen wir unsere MitarbeiterInnen in die unterschiedlichsten Fachbereiche. F\u00fcr s\u00e4mtliche Veranstaltungsarten und Bed\u00fcrfnisse unserer Kunden in der Eventbranche, Gastronomie, Hotellerie und im Bereich Catering sind wir ein kompetenter und zuverl\u00e4ssiger Partner. Unsere MitarbeiterInnen bilden das R\u00fcckgrat ... Weiterlesen ...","og_url":"https:\/\/berlinite.de\/en\/personal\/","og_site_name":"Berlinite","article_publisher":"https:\/\/facebook.com\/berlinite.de","article_modified_time":"2022-08-17T21:21:44+00:00","og_image":[{"width":1920,"height":700,"url":"https:\/\/berlinite.de\/wp-content\/uploads\/2022\/08\/personal-hero.webp","type":"image\/webp"}],"twitter_card":"summary_large_image","twitter_misc":{"Estimated reading time":"3 minutes"},"schema":{"@context":"https:\/\/schema.org","@graph":[{"@type":"WebPage","@id":"https:\/\/berlinite.de\/personal\/","url":"https:\/\/berlinite.de\/personal\/","name":"Personal - Berlinite","isPartOf":{"@id":"https:\/\/berlinite.de\/#website"},"primaryImageOfPage":{"@id":"https:\/\/berlinite.de\/personal\/#primaryimage"},"image":{"@id":"https:\/\/berlinite.de\/personal\/#primaryimage"},"thumbnailUrl":"https:\/\/berlinite.de\/wp-content\/uploads\/2022\/08\/personal-hero.webp","datePublished":"2022-08-15T08:14:57+00:00","dateModified":"2022-08-17T21:21:44+00:00","breadcrumb":{"@id":"https:\/\/berlinite.de\/personal\/#breadcrumb"},"inLanguage":"en-GB","potentialAction":[{"@type":"ReadAction","target":["https:\/\/berlinite.de\/personal\/"]}]},{"@type":"ImageObject","inLanguage":"en-GB","@id":"https:\/\/berlinite.de\/personal\/#primaryimage","url":"https:\/\/berlinite.de\/wp-content\/uploads\/2022\/08\/personal-hero.webp","contentUrl":"https:\/\/berlinite.de\/wp-content\/uploads\/2022\/08\/personal-hero.webp","width":1920,"height":700},{"@type":"BreadcrumbList","@id":"https:\/\/berlinite.de\/personal\/#breadcrumb","itemListElement":[{"@type":"ListItem","position":1,"name":"Home","item":"https:\/\/berlinite.de\/"},{"@type":"ListItem","position":2,"name":"Personal"}]},{"@type":"WebSite","@id":"https:\/\/berlinite.de\/#website","url":"https:\/\/berlinite.de\/","name":"Berlinite","description":"Exklusive Event Locations in Berlin","publisher":{"@id":"https:\/\/berlinite.de\/#organization"},"potentialAction":[{"@type":"SearchAction","target":{"@type":"EntryPoint","urlTemplate":"https:\/\/berlinite.de\/?s={search_term_string}"},"query-input":{"@type":"PropertyValueSpecification","valueRequired":true,"valueName":"search_term_string"}}],"inLanguage":"en-GB"},{"@type":"Organization","@id":"https:\/\/berlinite.de\/#organization","name":"Berlinite","url":"https:\/\/berlinite.de\/","logo":{"@type":"ImageObject","inLanguage":"en-GB","@id":"https:\/\/berlinite.de\/#\/schema\/logo\/image\/","url":"https:\/\/berlinite.de\/wp-content\/uploads\/2023\/06\/Berlinite-Logo-1C-B.svg","contentUrl":"https:\/\/berlinite.de\/wp-content\/uploads\/2023\/06\/Berlinite-Logo-1C-B.svg","width":652,"height":170,"caption":"Berlinite"},"image":{"@id":"https:\/\/berlinite.de\/#\/schema\/logo\/image\/"},"sameAs":["https:\/\/facebook.com\/berlinite.de","https:\/\/instagram.com\/berlinite.de","https:\/\/de.linkedin.com\/company\/berlinite"]}]}},"_links":{"self":[{"href":"https:\/\/berlinite.de\/en\/wp-json\/wp\/v2\/pages\/2132","targetHints":{"allow":["GET"]}}],"collection":[{"href":"https:\/\/berlinite.de\/en\/wp-json\/wp\/v2\/pages"}],"about":[{"href":"https:\/\/berlinite.de\/en\/wp-json\/wp\/v2\/types\/page"}],"author":[{"embeddable":true,"href":"https:\/\/berlinite.de\/en\/wp-json\/wp\/v2\/users\/2"}],"replies":[{"embeddable":true,"href":"https:\/\/berlinite.de\/en\/wp-json\/wp\/v2\/comments?post=2132"}],"version-history":[{"count":6,"href":"https:\/\/berlinite.de\/en\/wp-json\/wp\/v2\/pages\/2132\/revisions"}],"predecessor-version":[{"id":2261,"href":"https:\/\/berlinite.de\/en\/wp-json\/wp\/v2\/pages\/2132\/revisions\/2261"}],"wp:featuredmedia":[{"embeddable":true,"href":"https:\/\/berlinite.de\/en\/wp-json\/wp\/v2\/media\/2260"}],"wp:attachment":[{"href":"https:\/\/berlinite.de\/en\/wp-json\/wp\/v2\/media?parent=2132"}],"curies":[{"name":"wp","href":"https:\/\/api.w.org\/{rel}","templated":true}]}}